{"id":10,"date":"2018-04-10T06:25:36","date_gmt":"2018-04-10T06:25:36","guid":{"rendered":"http:\/\/tebben-automobile.de\/hp\/?page_id=10"},"modified":"2019-04-02T13:20:37","modified_gmt":"2019-04-02T13:20:37","slug":"autohaus","status":"publish","type":"page","link":"https:\/\/tebben-automobile.de\/hp\/autohaus\/","title":{"rendered":"Autohaus"},"content":{"rendered":"<h5 style=\"text-align: center;\"><span style=\"color: #000000;\"><a href=\"https:\/\/tebben-automobile.de\/hp\/autohaus\/\"><span style=\"color: #000000;\"><span style=\"color: #808080;\">Autohaus<\/span><\/span><\/a> | <a style=\"color: #000000;\" href=\"https:\/\/tebben-automobile.de\/hp\/unsere-fahrzeuge\/\">Unsere Fahrzeuge<\/a> | <a style=\"color: #000000;\" href=\"https:\/\/tebben-automobile.de\/hp\/finanzierungen-und-garantie\/\"><span style=\"color: #000000;\">F<\/span>inanzierungen und Gebrauchtwagengarantie<\/a> | <a style=\"color: #000000;\" href=\"https:\/\/tebben-automobile.de\/hp\/bewertungen\/\">Bewertungen<\/a><\/span><br \/>\n<span style=\"color: #000000;\"><a style=\"color: #000000;\" href=\"https:\/\/tebben-automobile.de\/hp\/kfz-zulassung\/\">KFZ-Zulassung<\/a> |\u00a0<a style=\"color: #000000;\" href=\"https:\/\/tebben-automobile.de\/hp\/anfahrt\">\u00d6ffnungszeiten &amp; Anfahrt<\/a><\/span><\/h5>\n<p class=\"title heading-font\"><strong><a href=\"http:\/\/tebben-automobile.de\/hp\/wp-content\/uploads\/2018\/04\/Hunteburg02-222.png\"><img loading=\"lazy\" class=\"alignnone size-large wp-image-189\" src=\"http:\/\/tebben-automobile.de\/hp\/wp-content\/uploads\/2018\/04\/Hunteburg02-222-1024x414.png\" alt=\"\" width=\"810\" height=\"327\" srcset=\"https:\/\/tebben-automobile.de\/hp\/wp-content\/uploads\/2018\/04\/Hunteburg02-222-1024x414.png 1024w, https:\/\/tebben-automobile.de\/hp\/wp-content\/uploads\/2018\/04\/Hunteburg02-222-300x121.png 300w, https:\/\/tebben-automobile.de\/hp\/wp-content\/uploads\/2018\/04\/Hunteburg02-222-768x311.png 768w, https:\/\/tebben-automobile.de\/hp\/wp-content\/uploads\/2018\/04\/Hunteburg02-222.png 1920w\" sizes=\"(max-width: 810px) 100vw, 810px\" \/><\/a><\/strong><\/p>\n<p>Egal, ob Sie sich f\u00fcr einen Neuwagen, einen Gebrauchtwagen, oder eine unserer vielf\u00e4ltigen Service-Leistungen interessieren, wir beraten Sie kompetent und zuverl\u00e4ssig.<\/p>\n","protected":false},"excerpt":{"rendered":"<p>Autohaus | Unsere Fahrzeuge | Finanzierungen und Gebrauchtwagengarantie | Bewertungen KFZ-Zulassung |\u00a0\u00d6ffnungszeiten &amp; Anfahrt Egal, ob Sie sich f\u00fcr einen<\/p>\n","protected":false},"author":1,"featured_media":0,"parent":0,"menu_order":0,"comment_status":"closed","ping_status":"closed","template":"","meta":[],"aioseo_notices":[],"_links":{"self":[{"href":"https:\/\/tebben-automobile.de\/hp\/wp-json\/wp\/v2\/pages\/10"}],"collection":[{"href":"https:\/\/tebben-automobile.de\/hp\/wp-json\/wp\/v2\/pages"}],"about":[{"href":"https:\/\/tebben-automobile.de\/hp\/wp-json\/wp\/v2\/types\/page"}],"author":[{"embeddable":true,"href":"https:\/\/tebben-automobile.de\/hp\/wp-json\/wp\/v2\/users\/1"}],"replies":[{"embeddable":true,"href":"https:\/\/tebben-automobile.de\/hp\/wp-json\/wp\/v2\/comments?post=10"}],"version-history":[{"count":18,"href":"https:\/\/tebben-automobile.de\/hp\/wp-json\/wp\/v2\/pages\/10\/revisions"}],"predecessor-version":[{"id":642,"href":"https:\/\/tebben-automobile.de\/hp\/wp-json\/wp\/v2\/pages\/10\/revisions\/642"}],"wp:attachment":[{"href":"https:\/\/tebben-automobile.de\/hp\/wp-json\/wp\/v2\/media?parent=10"}],"curies":[{"name":"wp","href":"https:\/\/api.w.org\/{rel}","templated":true}]}}