{"id":1067,"date":"2024-06-13T05:55:31","date_gmt":"2024-06-13T05:55:31","guid":{"rendered":"https:\/\/tebben-automobile.de\/hp\/?page_id=1067"},"modified":"2025-08-13T15:54:45","modified_gmt":"2025-08-13T15:54:45","slug":"mietservice","status":"publish","type":"page","link":"https:\/\/tebben-automobile.de\/hp\/mietservice\/","title":{"rendered":"Mietservice"},"content":{"rendered":"<ul>\n<li><strong>Kleinwagen<\/strong><\/li>\n<li><strong>Mittelklassewagen<\/strong><\/li>\n<li><strong>Transporter<\/strong><\/li>\n<li><strong>Dachboxen<\/strong><\/li>\n<li><strong>Fahrradtr\u00e4ger<\/strong><\/li>\n<li><strong>Anh\u00e4nger<\/strong><\/li>\n<li><strong>Festanh\u00e4nger<\/strong><\/li>\n<li><strong>Fu\u00dfballdart<\/strong><strong><strong> <span style=\"color: #d63638;\"> PREISE, KONDITIONEN UND TERMINE AUF ANFRAGE<\/span><\/strong><\/strong><a href=\"https:\/\/tebben-automobile.de\/hp\/wp-content\/uploads\/2024\/07\/Vor-Tannen-scaled.jpg\"><img loading=\"lazy\" class=\"alignnone size-medium wp-image-1116\" src=\"https:\/\/tebben-automobile.de\/hp\/wp-content\/uploads\/2024\/07\/Vor-Tannen-300x68.jpg\" alt=\"\" width=\"600\" height=\"136\" srcset=\"https:\/\/tebben-automobile.de\/hp\/wp-content\/uploads\/2024\/07\/Vor-Tannen-300x68.jpg 300w, https:\/\/tebben-automobile.de\/hp\/wp-content\/uploads\/2024\/07\/Vor-Tannen-1024x233.jpg 1024w, https:\/\/tebben-automobile.de\/hp\/wp-content\/uploads\/2024\/07\/Vor-Tannen-768x175.jpg 768w, https:\/\/tebben-automobile.de\/hp\/wp-content\/uploads\/2024\/07\/Vor-Tannen-1536x350.jpg 1536w, https:\/\/tebben-automobile.de\/hp\/wp-content\/uploads\/2024\/07\/Vor-Tannen-2048x467.jpg 2048w\" sizes=\"(max-width: 600px) 100vw, 600px\" \/><\/a><br \/>\n<a href=\"https:\/\/tebben-automobile.de\/hp\/wp-content\/uploads\/2024\/07\/Vor-Halle.jpg\"><img loading=\"lazy\" class=\"alignnone size-medium wp-image-1115\" src=\"https:\/\/tebben-automobile.de\/hp\/wp-content\/uploads\/2024\/07\/Vor-Halle-300x80.jpg\" alt=\"\" width=\"600\" height=\"160\" srcset=\"https:\/\/tebben-automobile.de\/hp\/wp-content\/uploads\/2024\/07\/Vor-Halle-300x80.jpg 300w, https:\/\/tebben-automobile.de\/hp\/wp-content\/uploads\/2024\/07\/Vor-Halle-1024x272.jpg 1024w, https:\/\/tebben-automobile.de\/hp\/wp-content\/uploads\/2024\/07\/Vor-Halle-768x204.jpg 768w, https:\/\/tebben-automobile.de\/hp\/wp-content\/uploads\/2024\/07\/Vor-Halle-1536x407.jpg 1536w, https:\/\/tebben-automobile.de\/hp\/wp-content\/uploads\/2024\/07\/Vor-Halle.jpg 1538w\" sizes=\"(max-width: 600px) 100vw, 600px\" \/><\/a><a href=\"https:\/\/tebben-automobile.de\/hp\/wp-content\/uploads\/2024\/12\/20241011_155552.1-1.jpg\"><img loading=\"lazy\" class=\"alignnone size-medium wp-image-1183\" src=\"https:\/\/tebben-automobile.de\/hp\/wp-content\/uploads\/2024\/12\/20241011_155552.1-1-300x200.jpg\" alt=\"\" width=\"300\" height=\"190\" \/><\/a> <a href=\"https:\/\/tebben-automobile.de\/hp\/wp-content\/uploads\/2024\/12\/20241023_104309-1-scaled.jpg\"><img loading=\"lazy\" class=\"alignnone size-medium wp-image-1190\" src=\"https:\/\/tebben-automobile.de\/hp\/wp-content\/uploads\/2024\/12\/20241023_104309-1-300x202.jpg\" alt=\"\" width=\"300\" height=\"202\" srcset=\"https:\/\/tebben-automobile.de\/hp\/wp-content\/uploads\/2024\/12\/20241023_104309-1-300x202.jpg 300w, https:\/\/tebben-automobile.de\/hp\/wp-content\/uploads\/2024\/12\/20241023_104309-1-1024x689.jpg 1024w, https:\/\/tebben-automobile.de\/hp\/wp-content\/uploads\/2024\/12\/20241023_104309-1-768x517.jpg 768w, https:\/\/tebben-automobile.de\/hp\/wp-content\/uploads\/2024\/12\/20241023_104309-1-1536x1033.jpg 1536w, https:\/\/tebben-automobile.de\/hp\/wp-content\/uploads\/2024\/12\/20241023_104309-1-2048x1378.jpg 2048w, https:\/\/tebben-automobile.de\/hp\/wp-content\/uploads\/2024\/12\/20241023_104309-1-120x80.jpg 120w\" sizes=\"(max-width: 300px) 100vw, 300px\" \/><\/a><\/li>\n<li><a href=\"https:\/\/tebben-automobile.de\/hp\/wp-content\/uploads\/2025\/08\/1.png\"><img loading=\"lazy\" class=\"alignnone wp-image-1273\" src=\"https:\/\/tebben-automobile.de\/hp\/wp-content\/uploads\/2025\/08\/1-284x300.png\" alt=\"\" width=\"605\" height=\"639\" srcset=\"https:\/\/tebben-automobile.de\/hp\/wp-content\/uploads\/2025\/08\/1-284x300.png 284w, https:\/\/tebben-automobile.de\/hp\/wp-content\/uploads\/2025\/08\/1.png 563w\" sizes=\"(max-width: 605px) 100vw, 605px\" \/><\/a><a href=\"https:\/\/tebben-automobile.de\/hp\/wp-content\/uploads\/2025\/08\/2.png\"><img loading=\"lazy\" class=\"alignnone wp-image-1274\" src=\"https:\/\/tebben-automobile.de\/hp\/wp-content\/uploads\/2025\/08\/2-298x300.png\" alt=\"\" width=\"602\" height=\"606\" srcset=\"https:\/\/tebben-automobile.de\/hp\/wp-content\/uploads\/2025\/08\/2-298x300.png 298w, https:\/\/tebben-automobile.de\/hp\/wp-content\/uploads\/2025\/08\/2-150x150.png 150w, https:\/\/tebben-automobile.de\/hp\/wp-content\/uploads\/2025\/08\/2.png 587w\" sizes=\"(max-width: 602px) 100vw, 602px\" \/><\/a><\/li>\n<\/ul>\n","protected":false},"excerpt":{"rendered":"<p>Kleinwagen Mittelklassewagen Transporter Dachboxen Fahrradtr\u00e4ger Anh\u00e4nger Festanh\u00e4nger Fu\u00dfballdart PREISE, KONDITIONEN UND TERMINE AUF ANFRAGE<\/p>\n","protected":false},"author":2,"featured_media":0,"parent":0,"menu_order":0,"comment_status":"closed","ping_status":"closed","template":"","meta":[],"aioseo_notices":[],"_links":{"self":[{"href":"https:\/\/tebben-automobile.de\/hp\/wp-json\/wp\/v2\/pages\/1067"}],"collection":[{"href":"https:\/\/tebben-automobile.de\/hp\/wp-json\/wp\/v2\/pages"}],"about":[{"href":"https:\/\/tebben-automobile.de\/hp\/wp-json\/wp\/v2\/types\/page"}],"author":[{"embeddable":true,"href":"https:\/\/tebben-automobile.de\/hp\/wp-json\/wp\/v2\/users\/2"}],"replies":[{"embeddable":true,"href":"https:\/\/tebben-automobile.de\/hp\/wp-json\/wp\/v2\/comments?post=1067"}],"version-history":[{"count":32,"href":"https:\/\/tebben-automobile.de\/hp\/wp-json\/wp\/v2\/pages\/1067\/revisions"}],"predecessor-version":[{"id":1277,"href":"https:\/\/tebben-automobile.de\/hp\/wp-json\/wp\/v2\/pages\/1067\/revisions\/1277"}],"wp:attachment":[{"href":"https:\/\/tebben-automobile.de\/hp\/wp-json\/wp\/v2\/media?parent=1067"}],"curies":[{"name":"wp","href":"https:\/\/api.w.org\/{rel}","templated":true}]}}