{"id":11,"date":"2018-04-10T06:25:36","date_gmt":"2018-04-10T06:25:36","guid":{"rendered":"http:\/\/tebben-automobile.de\/hp\/?page_id=11"},"modified":"2025-11-21T05:50:45","modified_gmt":"2025-11-21T05:50:45","slug":"team","status":"publish","type":"page","link":"https:\/\/tebben-automobile.de\/hp\/team\/","title":{"rendered":"Team &#038; Ansprechpartner"},"content":{"rendered":"<h5 style=\"text-align: center;\"><span style=\"color: #000000;\"><a style=\"color: #000000;\" href=\"https:\/\/tebben-automobile.de\/hp\/ueber-uns-2\/\">\u00fcber Uns<\/a> | <a style=\"color: #000000;\" href=\"https:\/\/tebben-automobile.de\/hp\/team\/\"><span style=\"color: #808080;\">Team und Ansprechpartner<\/span><\/a><\/span><\/h5>\n<h2><\/h2>\n<h2 style=\"text-align: center;\"><strong>Gesch\u00e4ftsleitung<\/strong><\/h2>\n<p>&nbsp;<\/p>\n<p><a href=\"https:\/\/tebben-automobile.de\/hp\/wp-content\/uploads\/2025\/11\/Wolfgang2-klein.jpg\"><img loading=\"lazy\" class=\"alignnone size-medium wp-image-1319\" src=\"https:\/\/tebben-automobile.de\/hp\/wp-content\/uploads\/2025\/11\/Wolfgang2-klein-300x233.jpg\" alt=\"\" width=\"450\" height=\"350\" srcset=\"https:\/\/tebben-automobile.de\/hp\/wp-content\/uploads\/2025\/11\/Wolfgang2-klein-300x233.jpg 300w, https:\/\/tebben-automobile.de\/hp\/wp-content\/uploads\/2025\/11\/Wolfgang2-klein-1024x796.jpg 1024w, https:\/\/tebben-automobile.de\/hp\/wp-content\/uploads\/2025\/11\/Wolfgang2-klein-768x597.jpg 768w, https:\/\/tebben-automobile.de\/hp\/wp-content\/uploads\/2025\/11\/Wolfgang2-klein-1536x1195.jpg 1536w, https:\/\/tebben-automobile.de\/hp\/wp-content\/uploads\/2025\/11\/Wolfgang2-klein.jpg 1903w\" sizes=\"(max-width: 450px) 100vw, 450px\" \/><\/a><br \/>\nWolfgang Tebben<\/p>\n<p>&nbsp;<\/p>\n<p><a href=\"https:\/\/tebben-automobile.de\/hp\/wp-content\/uploads\/2025\/11\/Gabi3-klein.jpg\"><img loading=\"lazy\" class=\"alignnone size-medium wp-image-1311\" src=\"https:\/\/tebben-automobile.de\/hp\/wp-content\/uploads\/2025\/11\/Gabi3-klein-300x233.jpg\" alt=\"\" width=\"450\" height=\"350\" srcset=\"https:\/\/tebben-automobile.de\/hp\/wp-content\/uploads\/2025\/11\/Gabi3-klein-300x233.jpg 300w, https:\/\/tebben-automobile.de\/hp\/wp-content\/uploads\/2025\/11\/Gabi3-klein-1024x796.jpg 1024w, https:\/\/tebben-automobile.de\/hp\/wp-content\/uploads\/2025\/11\/Gabi3-klein-768x597.jpg 768w, https:\/\/tebben-automobile.de\/hp\/wp-content\/uploads\/2025\/11\/Gabi3-klein-1536x1194.jpg 1536w, https:\/\/tebben-automobile.de\/hp\/wp-content\/uploads\/2025\/11\/Gabi3-klein-2048x1593.jpg 2048w\" sizes=\"(max-width: 450px) 100vw, 450px\" \/><\/a><br \/>\nGabriele Tebben<\/p>\n<p>&nbsp;<\/p>\n<p>&nbsp;<\/p>\n<h2 style=\"text-align: center;\"><strong>Standort: Bremer Stra\u00dfe<\/strong><\/h2>\n<p>&nbsp;<\/p>\n<p><a href=\"https:\/\/tebben-automobile.de\/hp\/wp-content\/uploads\/2025\/11\/Jannik2-klein-scaled.jpg\"><img loading=\"lazy\" class=\"alignnone size-medium wp-image-1321\" src=\"https:\/\/tebben-automobile.de\/hp\/wp-content\/uploads\/2025\/11\/Jannik2-klein-300x233.jpg\" alt=\"\" width=\"450\" height=\"350\" srcset=\"https:\/\/tebben-automobile.de\/hp\/wp-content\/uploads\/2025\/11\/Jannik2-klein-300x233.jpg 300w, https:\/\/tebben-automobile.de\/hp\/wp-content\/uploads\/2025\/11\/Jannik2-klein-1024x796.jpg 1024w, https:\/\/tebben-automobile.de\/hp\/wp-content\/uploads\/2025\/11\/Jannik2-klein-768x597.jpg 768w, https:\/\/tebben-automobile.de\/hp\/wp-content\/uploads\/2025\/11\/Jannik2-klein-1536x1193.jpg 1536w, https:\/\/tebben-automobile.de\/hp\/wp-content\/uploads\/2025\/11\/Jannik2-klein-2048x1591.jpg 2048w\" sizes=\"(max-width: 450px) 100vw, 450px\" \/><\/a><br \/>\nJannik Costa<br \/>\nTankstellenleitung<\/p>\n<p>&nbsp;<\/p>\n<p><a href=\"https:\/\/tebben-automobile.de\/hp\/wp-content\/uploads\/2025\/11\/Andrea.jpg\"><img loading=\"lazy\" class=\"alignnone size-medium wp-image-1301\" src=\"https:\/\/tebben-automobile.de\/hp\/wp-content\/uploads\/2025\/11\/Andrea-300x233.jpg\" alt=\"\" width=\"450\" height=\"350\" srcset=\"https:\/\/tebben-automobile.de\/hp\/wp-content\/uploads\/2025\/11\/Andrea-300x233.jpg 300w, https:\/\/tebben-automobile.de\/hp\/wp-content\/uploads\/2025\/11\/Andrea-1024x796.jpg 1024w, https:\/\/tebben-automobile.de\/hp\/wp-content\/uploads\/2025\/11\/Andrea-768x597.jpg 768w, https:\/\/tebben-automobile.de\/hp\/wp-content\/uploads\/2025\/11\/Andrea-1536x1194.jpg 1536w, https:\/\/tebben-automobile.de\/hp\/wp-content\/uploads\/2025\/11\/Andrea-2048x1592.jpg 2048w\" sizes=\"(max-width: 450px) 100vw, 450px\" \/><\/a><br \/>\nAndrea Knostmann<br \/>\nFahrzeugdisposition \u2013 Fahrzeugverkauf<\/p>\n<p>&nbsp;<\/p>\n<p><a href=\"https:\/\/tebben-automobile.de\/hp\/wp-content\/uploads\/2025\/11\/Marlene-2-klein.jpg\"><img loading=\"lazy\" class=\"alignnone size-medium wp-image-1325\" src=\"https:\/\/tebben-automobile.de\/hp\/wp-content\/uploads\/2025\/11\/Marlene-2-klein-300x233.jpg\" alt=\"\" width=\"450\" height=\"350\" srcset=\"https:\/\/tebben-automobile.de\/hp\/wp-content\/uploads\/2025\/11\/Marlene-2-klein-300x233.jpg 300w, https:\/\/tebben-automobile.de\/hp\/wp-content\/uploads\/2025\/11\/Marlene-2-klein-1024x796.jpg 1024w, https:\/\/tebben-automobile.de\/hp\/wp-content\/uploads\/2025\/11\/Marlene-2-klein-768x597.jpg 768w, https:\/\/tebben-automobile.de\/hp\/wp-content\/uploads\/2025\/11\/Marlene-2-klein.jpg 1079w\" sizes=\"(max-width: 450px) 100vw, 450px\" \/><\/a><br \/>\nMarlene Costa<br \/>\nAushilfe B\u00fcro<\/p>\n<p>&nbsp;<\/p>\n<p><a href=\"https:\/\/tebben-automobile.de\/hp\/wp-content\/uploads\/2025\/11\/Michael.jpg\"><img loading=\"lazy\" class=\"alignnone size-medium wp-image-1317\" src=\"https:\/\/tebben-automobile.de\/hp\/wp-content\/uploads\/2025\/11\/Michael-300x233.jpg\" alt=\"\" width=\"450\" height=\"350\" srcset=\"https:\/\/tebben-automobile.de\/hp\/wp-content\/uploads\/2025\/11\/Michael-300x233.jpg 300w, https:\/\/tebben-automobile.de\/hp\/wp-content\/uploads\/2025\/11\/Michael-1024x797.jpg 1024w, https:\/\/tebben-automobile.de\/hp\/wp-content\/uploads\/2025\/11\/Michael-768x598.jpg 768w, https:\/\/tebben-automobile.de\/hp\/wp-content\/uploads\/2025\/11\/Michael-1536x1195.jpg 1536w, https:\/\/tebben-automobile.de\/hp\/wp-content\/uploads\/2025\/11\/Michael.jpg 1739w\" sizes=\"(max-width: 450px) 100vw, 450px\" \/><\/a><br \/>\nMichael Salvador<br \/>\nServicetechniker &#8211; Kraftfahrzeug-Mechatroniker<\/p>\n<p>&nbsp;<\/p>\n<p><a href=\"https:\/\/tebben-automobile.de\/hp\/wp-content\/uploads\/2025\/11\/Undine2-scaled.jpg\"><img loading=\"lazy\" class=\"alignnone size-medium wp-image-1315\" src=\"https:\/\/tebben-automobile.de\/hp\/wp-content\/uploads\/2025\/11\/Undine2-300x233.jpg\" alt=\"\" width=\"450\" height=\"350\" srcset=\"https:\/\/tebben-automobile.de\/hp\/wp-content\/uploads\/2025\/11\/Undine2-300x233.jpg 300w, https:\/\/tebben-automobile.de\/hp\/wp-content\/uploads\/2025\/11\/Undine2-1024x797.jpg 1024w, https:\/\/tebben-automobile.de\/hp\/wp-content\/uploads\/2025\/11\/Undine2-768x598.jpg 768w, https:\/\/tebben-automobile.de\/hp\/wp-content\/uploads\/2025\/11\/Undine2-1536x1195.jpg 1536w, https:\/\/tebben-automobile.de\/hp\/wp-content\/uploads\/2025\/11\/Undine2-2048x1594.jpg 2048w\" sizes=\"(max-width: 450px) 100vw, 450px\" \/><\/a><br \/>\nUndine Kr\u00fcger<br \/>\nTankstellenkraft<\/p>\n<p>&nbsp;<\/p>\n<h2 style=\"text-align: center;\"><strong>Standort:\u00a0<\/strong><strong>Am Feuerwehrhaus<\/strong><\/h2>\n<p>&nbsp;<\/p>\n<p><a href=\"https:\/\/tebben-automobile.de\/hp\/wp-content\/uploads\/2025\/11\/Jannik.jpg\"><img loading=\"lazy\" class=\"alignnone size-medium wp-image-1307\" src=\"https:\/\/tebben-automobile.de\/hp\/wp-content\/uploads\/2025\/11\/Jannik-300x233.jpg\" alt=\"\" width=\"450\" height=\"350\" srcset=\"https:\/\/tebben-automobile.de\/hp\/wp-content\/uploads\/2025\/11\/Jannik-300x233.jpg 300w, https:\/\/tebben-automobile.de\/hp\/wp-content\/uploads\/2025\/11\/Jannik-1024x797.jpg 1024w, https:\/\/tebben-automobile.de\/hp\/wp-content\/uploads\/2025\/11\/Jannik-768x598.jpg 768w, https:\/\/tebben-automobile.de\/hp\/wp-content\/uploads\/2025\/11\/Jannik-1536x1195.jpg 1536w, https:\/\/tebben-automobile.de\/hp\/wp-content\/uploads\/2025\/11\/Jannik.jpg 1902w\" sizes=\"(max-width: 450px) 100vw, 450px\" \/><\/a><br \/>\nJannik Costa<br \/>\nWerkstattleiter &#8211; Kraftfahrzeugtechniker-Meister<\/p>\n<p>&nbsp;<\/p>\n<p><a href=\"https:\/\/tebben-automobile.de\/hp\/wp-content\/uploads\/2020\/01\/juergen.jpg\"><img loading=\"lazy\" class=\"alignnone wp-image-800 size-full\" src=\"https:\/\/tebben-automobile.de\/hp\/wp-content\/uploads\/2020\/01\/juergen.jpg\" alt=\"\" width=\"450\" height=\"350\" srcset=\"https:\/\/tebben-automobile.de\/hp\/wp-content\/uploads\/2020\/01\/juergen.jpg 450w, https:\/\/tebben-automobile.de\/hp\/wp-content\/uploads\/2020\/01\/juergen-300x233.jpg 300w\" sizes=\"(max-width: 450px) 100vw, 450px\" \/><\/a><br \/>\nJ\u00fcrgen Humennik<br \/>\nKraftfahrzeugtechniker-Meister<\/p>\n<p>&nbsp;<\/p>\n<p><a href=\"https:\/\/tebben-automobile.de\/hp\/wp-content\/uploads\/2025\/11\/Elvan.png\"><img loading=\"lazy\" class=\"alignnone size-medium wp-image-1305\" src=\"https:\/\/tebben-automobile.de\/hp\/wp-content\/uploads\/2025\/11\/Elvan-300x233.png\" alt=\"\" width=\"450\" height=\"350\" srcset=\"https:\/\/tebben-automobile.de\/hp\/wp-content\/uploads\/2025\/11\/Elvan-300x233.png 300w, https:\/\/tebben-automobile.de\/hp\/wp-content\/uploads\/2025\/11\/Elvan-768x597.png 768w, https:\/\/tebben-automobile.de\/hp\/wp-content\/uploads\/2025\/11\/Elvan.png 1020w\" sizes=\"(max-width: 450px) 100vw, 450px\" \/><\/a><\/p>\n<p>Elvan Celik<br \/>\nAutomobilkauffrau Service \/ Empfang<\/p>\n<p>&nbsp;<\/p>\n<p><a href=\"http:\/\/tebben-automobile.de\/hp\/wp-content\/uploads\/2018\/07\/rolf.jpg\"><img loading=\"lazy\" class=\"alignnone wp-image-377 size-full\" src=\"https:\/\/tebben-automobile.de\/hp\/wp-content\/uploads\/2018\/07\/rolf.jpg\" alt=\"\" width=\"450\" height=\"350\" \/><\/a><br \/>\nRolf Grewe<br \/>\nKraftfahrzeug-Mechatroniker<\/p>\n<p>&nbsp;<\/p>\n<p><a href=\"http:\/\/tebben-automobile.de\/hp\/wp-content\/uploads\/2018\/07\/uk.jpg\"><img loading=\"lazy\" class=\"alignnone wp-image-377 size-full\" src=\"https:\/\/tebben-automobile.de\/hp\/wp-content\/uploads\/2018\/07\/tokiasazubi.jpg\" alt=\"\" width=\"450\" height=\"350\" \/><\/a><br \/>\nTobias Kohstall<br \/>\nKraftfahrzeug-Mechatroniker<\/p>\n<p>&nbsp;<\/p>\n<p><a href=\"https:\/\/tebben-automobile.de\/hp\/wp-content\/uploads\/2025\/11\/Emmanuel2-klein.jpg\"><img loading=\"lazy\" class=\"alignnone size-medium wp-image-1309\" src=\"https:\/\/tebben-automobile.de\/hp\/wp-content\/uploads\/2025\/11\/Emmanuel2-klein-300x233.jpg\" alt=\"\" width=\"450\" height=\"350\" srcset=\"https:\/\/tebben-automobile.de\/hp\/wp-content\/uploads\/2025\/11\/Emmanuel2-klein-300x233.jpg 300w, https:\/\/tebben-automobile.de\/hp\/wp-content\/uploads\/2025\/11\/Emmanuel2-klein-1024x795.jpg 1024w, https:\/\/tebben-automobile.de\/hp\/wp-content\/uploads\/2025\/11\/Emmanuel2-klein-768x597.jpg 768w, https:\/\/tebben-automobile.de\/hp\/wp-content\/uploads\/2025\/11\/Emmanuel2-klein.jpg 1447w\" sizes=\"(max-width: 450px) 100vw, 450px\" \/><\/a><br \/>\nEmanuel D\u00fcck<br \/>\nAuszubildender zum Kraftfahrzeug-Mechatroniker<\/p>\n<p>&nbsp;<\/p>\n<p><a href=\"https:\/\/tebben-automobile.de\/hp\/wp-content\/uploads\/2025\/11\/Niklas.jpg\"><img loading=\"lazy\" class=\"alignnone size-medium wp-image-1313\" src=\"https:\/\/tebben-automobile.de\/hp\/wp-content\/uploads\/2025\/11\/Niklas-300x233.jpg\" alt=\"\" width=\"450\" height=\"350\" srcset=\"https:\/\/tebben-automobile.de\/hp\/wp-content\/uploads\/2025\/11\/Niklas-300x233.jpg 300w, https:\/\/tebben-automobile.de\/hp\/wp-content\/uploads\/2025\/11\/Niklas-1024x796.jpg 1024w, https:\/\/tebben-automobile.de\/hp\/wp-content\/uploads\/2025\/11\/Niklas-768x597.jpg 768w, https:\/\/tebben-automobile.de\/hp\/wp-content\/uploads\/2025\/11\/Niklas.jpg 1463w\" sizes=\"(max-width: 450px) 100vw, 450px\" \/><\/a><\/p>\n<p>Niklas Wedel<br \/>\nAuszubildender zum Kraftfahrzeug-Mechatroniker<\/p>\n<p>&nbsp;<\/p>\n<p><a href=\"https:\/\/tebben-automobile.de\/hp\/wp-content\/uploads\/2025\/11\/Christian.jpg\"><img loading=\"lazy\" class=\"alignnone size-medium wp-image-1303\" src=\"https:\/\/tebben-automobile.de\/hp\/wp-content\/uploads\/2025\/11\/Christian-300x233.jpg\" alt=\"\" width=\"450\" height=\"350\" srcset=\"https:\/\/tebben-automobile.de\/hp\/wp-content\/uploads\/2025\/11\/Christian-300x233.jpg 300w, https:\/\/tebben-automobile.de\/hp\/wp-content\/uploads\/2025\/11\/Christian-1024x797.jpg 1024w, https:\/\/tebben-automobile.de\/hp\/wp-content\/uploads\/2025\/11\/Christian-768x597.jpg 768w, https:\/\/tebben-automobile.de\/hp\/wp-content\/uploads\/2025\/11\/Christian-1536x1195.jpg 1536w, https:\/\/tebben-automobile.de\/hp\/wp-content\/uploads\/2025\/11\/Christian.jpg 1544w\" sizes=\"(max-width: 450px) 100vw, 450px\" \/><\/a><\/p>\n<p>Christian K\u00f6ppe<br \/>\nSchilderdienst \/ Allrounder<\/p>\n<p>&nbsp;<\/p>\n","protected":false},"excerpt":{"rendered":"<p>\u00fcber Uns | Team und Ansprechpartner Gesch\u00e4ftsleitung &nbsp; Wolfgang Tebben &nbsp; Gabriele Tebben &nbsp; &nbsp; Standort: Bremer Stra\u00dfe &nbsp; Jannik<\/p>\n","protected":false},"author":1,"featured_media":0,"parent":0,"menu_order":0,"comment_status":"closed","ping_status":"closed","template":"","meta":[],"aioseo_notices":[],"_links":{"self":[{"href":"https:\/\/tebben-automobile.de\/hp\/wp-json\/wp\/v2\/pages\/11"}],"collection":[{"href":"https:\/\/tebben-automobile.de\/hp\/wp-json\/wp\/v2\/pages"}],"about":[{"href":"https:\/\/tebben-automobile.de\/hp\/wp-json\/wp\/v2\/types\/page"}],"author":[{"embeddable":true,"href":"https:\/\/tebben-automobile.de\/hp\/wp-json\/wp\/v2\/users\/1"}],"replies":[{"embeddable":true,"href":"https:\/\/tebben-automobile.de\/hp\/wp-json\/wp\/v2\/comments?post=11"}],"version-history":[{"count":83,"href":"https:\/\/tebben-automobile.de\/hp\/wp-json\/wp\/v2\/pages\/11\/revisions"}],"predecessor-version":[{"id":1329,"href":"https:\/\/tebben-automobile.de\/hp\/wp-json\/wp\/v2\/pages\/11\/revisions\/1329"}],"wp:attachment":[{"href":"https:\/\/tebben-automobile.de\/hp\/wp-json\/wp\/v2\/media?parent=11"}],"curies":[{"name":"wp","href":"https:\/\/api.w.org\/{rel}","templated":true}]}}