{"id":117,"date":"2018-04-10T09:57:15","date_gmt":"2018-04-10T09:57:15","guid":{"rendered":"http:\/\/tebben-automobile.de\/hp\/?page_id=117"},"modified":"2018-10-30T08:51:03","modified_gmt":"2018-10-30T08:51:03","slug":"kontakt","status":"publish","type":"page","link":"https:\/\/tebben-automobile.de\/hp\/kontakt\/","title":{"rendered":"Kontakt"},"content":{"rendered":"<h4>Sie m\u00f6chten uns kontaktieren?<\/h4>\n<p>Wir stehen Ihnen gerne f\u00fcr pers\u00f6nliche, telefonische oder schriftliche Anfragen zur Verf\u00fcgung:<br \/>\nTel.: 05471 &#8211; 675\u00a0\u00a0 \u00a0\u00a0 \u00a0 \u00a0\u00a0 (Verkauf &amp; Tankstelle)<br \/>\nTel.: 05471 &#8211; 95 19 04 \u00a0 \u00a0 (KFZ-Werkstatt)<\/p>\n<p><strong>Wir sind auch \u00fcber WhatsApp zu erreichen!<br \/>\n<a href=\"https:\/\/tebben-automobile.de\/hp\/whatsapp-kontakt\/\"><img loading=\"lazy\" class=\"alignnone size-full wp-image-616\" src=\"https:\/\/tebben-automobile.de\/hp\/wp-content\/uploads\/2018\/10\/whatsapp2-1.png\" alt=\"\" width=\"226\" height=\"65\" \/><\/a><br \/>\n<\/strong><\/p>\n<p><strong>Kontaktformular:<\/strong><\/p>\n<p><iframe loading=\"lazy\" title=\"Generische Beschreibung des Iframe-Inhalts\" src=\"http:\/\/www.tebben-automobile.de\/kontakt\/index.html\" name=\"iFrame\" width=\"800\" height=\"1100\" frameborder=\"no\"><br \/>\n<!-- Textalternativen werden nicht unterst\u00fctzt --><br \/>\n<\/iframe><\/p>\n","protected":false},"excerpt":{"rendered":"<p>Sie m\u00f6chten uns kontaktieren? Wir stehen Ihnen gerne f\u00fcr pers\u00f6nliche, telefonische oder schriftliche Anfragen zur Verf\u00fcgung: Tel.: 05471 &#8211; 675\u00a0\u00a0<\/p>\n","protected":false},"author":1,"featured_media":0,"parent":0,"menu_order":0,"comment_status":"closed","ping_status":"closed","template":"","meta":[],"aioseo_notices":[],"_links":{"self":[{"href":"https:\/\/tebben-automobile.de\/hp\/wp-json\/wp\/v2\/pages\/117"}],"collection":[{"href":"https:\/\/tebben-automobile.de\/hp\/wp-json\/wp\/v2\/pages"}],"about":[{"href":"https:\/\/tebben-automobile.de\/hp\/wp-json\/wp\/v2\/types\/page"}],"author":[{"embeddable":true,"href":"https:\/\/tebben-automobile.de\/hp\/wp-json\/wp\/v2\/users\/1"}],"replies":[{"embeddable":true,"href":"https:\/\/tebben-automobile.de\/hp\/wp-json\/wp\/v2\/comments?post=117"}],"version-history":[{"count":21,"href":"https:\/\/tebben-automobile.de\/hp\/wp-json\/wp\/v2\/pages\/117\/revisions"}],"predecessor-version":[{"id":620,"href":"https:\/\/tebben-automobile.de\/hp\/wp-json\/wp\/v2\/pages\/117\/revisions\/620"}],"wp:attachment":[{"href":"https:\/\/tebben-automobile.de\/hp\/wp-json\/wp\/v2\/media?parent=117"}],"curies":[{"name":"wp","href":"https:\/\/api.w.org\/{rel}","templated":true}]}}