{"id":151,"date":"2018-04-10T12:39:51","date_gmt":"2018-04-10T12:39:51","guid":{"rendered":"http:\/\/tebben-automobile.de\/hp\/?page_id=151"},"modified":"2025-08-14T14:34:41","modified_gmt":"2025-08-14T14:34:41","slug":"ueber-uns-2","status":"publish","type":"page","link":"https:\/\/tebben-automobile.de\/hp\/ueber-uns-2\/","title":{"rendered":"\u00fcber Uns"},"content":{"rendered":"<h5 style=\"text-align: center;\"><span style=\"color: #000000;\"><a style=\"color: #000000;\" href=\"https:\/\/tebben-automobile.de\/hp\/ueber-uns-2\/\"><span style=\"color: #808080;\">\u00fcber Uns<\/span><\/a> | <a style=\"color: #000000;\" href=\"https:\/\/tebben-automobile.de\/hp\/team\/\">Team und Ansprechpartner<\/a><\/span><\/h5>\n<ul>\n<li>Zu unserem Gesch\u00e4ftsbetrieb geh\u00f6rt eine gut und modern ausgestattete Werkstatt, ein Neu- und Gebrauchtwagenhandel, welcher weit \u00fcber das Wittlager Land bekannt ist, und eine Tankstelle.<\/li>\n<li>Im Oktober 2007 er\u00f6ffnete die Werkstatt am Feuerwehrhaus 4 in den gemieteten R\u00e4umen mit zwei Arbeitspl\u00e4tzen.<\/li>\n<li>Im Jahr 2011 kamen durch den Neubau am Feuerwehrhaus 4 in Bohmte vier weitere Arbeitspl\u00e4tze hinzu.<\/li>\n<li>Im Januar 2016 \u00fcbernahm die Firma Tebben Automobile das Autohaus Gering in Bohmte und wurde somit Besitzer eines Neu- und Gebrauchtwagenhandels, einer zweiten Werkstatt und einer 24h-Tankstelle.<\/li>\n<li>Im Winter 2020\/2021 wurde die alte Tankstelle zur Q1-Tankstelle mit einem gr\u00f6\u00dferen modernen Shop inkl. DHL-Paketshop umgebaut.<\/li>\n<li>Zwei Jahre sp\u00e4ter im Winter 2023\/2024 wurde die freie Werkstatt am Feuerwehrhaus 4 um weitere 2-3 ger\u00e4umige Arbeitspl\u00e4tze, ein gro\u00dfes \u00fcbersichtliches Lager, eine komfortable Reifenmontage-Ecke sowie gro\u00dfe Sozialr\u00e4ume erweitert.<\/li>\n<\/ul>\n","protected":false},"excerpt":{"rendered":"<p>\u00fcber Uns | Team und Ansprechpartner Zu unserem Gesch\u00e4ftsbetrieb geh\u00f6rt eine gut und modern ausgestattete Werkstatt, ein Neu- und Gebrauchtwagenhandel,<\/p>\n","protected":false},"author":1,"featured_media":0,"parent":0,"menu_order":0,"comment_status":"closed","ping_status":"closed","template":"","meta":[],"aioseo_notices":[],"_links":{"self":[{"href":"https:\/\/tebben-automobile.de\/hp\/wp-json\/wp\/v2\/pages\/151"}],"collection":[{"href":"https:\/\/tebben-automobile.de\/hp\/wp-json\/wp\/v2\/pages"}],"about":[{"href":"https:\/\/tebben-automobile.de\/hp\/wp-json\/wp\/v2\/types\/page"}],"author":[{"embeddable":true,"href":"https:\/\/tebben-automobile.de\/hp\/wp-json\/wp\/v2\/users\/1"}],"replies":[{"embeddable":true,"href":"https:\/\/tebben-automobile.de\/hp\/wp-json\/wp\/v2\/comments?post=151"}],"version-history":[{"count":9,"href":"https:\/\/tebben-automobile.de\/hp\/wp-json\/wp\/v2\/pages\/151\/revisions"}],"predecessor-version":[{"id":1288,"href":"https:\/\/tebben-automobile.de\/hp\/wp-json\/wp\/v2\/pages\/151\/revisions\/1288"}],"wp:attachment":[{"href":"https:\/\/tebben-automobile.de\/hp\/wp-json\/wp\/v2\/media?parent=151"}],"curies":[{"name":"wp","href":"https:\/\/api.w.org\/{rel}","templated":true}]}}