{"id":170,"date":"2018-04-16T13:50:59","date_gmt":"2018-04-16T13:50:59","guid":{"rendered":"http:\/\/tebben-automobile.de\/hp\/?page_id=170"},"modified":"2022-02-08T10:34:06","modified_gmt":"2022-02-08T10:34:06","slug":"finanzierungen-und-garantie","status":"publish","type":"page","link":"https:\/\/tebben-automobile.de\/hp\/finanzierungen-und-garantie\/","title":{"rendered":"Finanzierungen und Gebrauchtwagengarantie"},"content":{"rendered":"<h5 style=\"text-align: center;\"><span style=\"color: #000000;\"><a style=\"color: #000000;\" href=\"https:\/\/tebben-automobile.de\/hp\/autohaus\/\">Autohaus<\/a> | <a style=\"color: #000000;\" href=\"https:\/\/tebben-automobile.de\/hp\/unsere-fahrzeuge\/\">Unsere Fahrzeuge<\/a> | <span style=\"color: #808080;\"><a style=\"color: #808080;\" href=\"https:\/\/tebben-automobile.de\/hp\/finanzierungen-und-garantie\/\">Finanzierungen und Gebrauchtwagengarantie<\/a> <\/span>| <a style=\"color: #000000;\" href=\"https:\/\/tebben-automobile.de\/hp\/bewertungen\/\">Bewertungen<\/a><\/span><br \/>\n<span style=\"color: #000000;\"><a style=\"color: #000000;\" href=\"https:\/\/tebben-automobile.de\/hp\/kfz-zulassung\/\">KFZ-Zulassung<\/a> |\u00a0<a style=\"color: #000000;\" href=\"https:\/\/tebben-automobile.de\/hp\/anfahrt\">\u00d6ffnungszeiten &amp; Anfahrt<\/a><\/span><\/h5>\n<p><strong>Finanzierung<\/strong><br \/>\nMit unseren individuellen Finanzierungsmodellen steht ihr Wunschauto schnell vor Ihrer Haust\u00fcr.<br \/>\nWir bieten Ihnen flexible Finanzierungsangebote \u00fcber die Bank11 oder der CreditPlus Bank an.<\/p>\n<p><strong>Gebrauchtwagengarantie<br \/>\n<\/strong>Ihr neues Auto wird von uns gepr\u00fcft und Ihnen in einem technischen einwandfreien Zustand \u00fcbergeben. Dennoch kann ein elektrischer oder mechanischer Schaden auch bei dem heutigen hohen Standard der Fahrzeuge eintreten.<br \/>\nEine Zusatz Gebrauchtwagengarantie von der Europe Assistance sch\u00fctzt Sie vor gr\u00f6\u00dferen finanziellen Belastungen.<br \/>\nWeitere Informationen den Garantien finden Sie im <a href=\"http:\/\/tebben-automobile.de\/hp\/wp-content\/uploads\/2018\/04\/Flyer_Fahrzeuggarantie_COPARTS.pdf\">Flyer_Fahrzeuggarantie_COPARTS<\/a> oder sprechen Sie uns einfach an.<\/p>\n","protected":false},"excerpt":{"rendered":"<p>Autohaus | Unsere Fahrzeuge | Finanzierungen und Gebrauchtwagengarantie | Bewertungen KFZ-Zulassung |\u00a0\u00d6ffnungszeiten &amp; Anfahrt Finanzierung Mit unseren individuellen Finanzierungsmodellen steht<\/p>\n","protected":false},"author":1,"featured_media":0,"parent":0,"menu_order":0,"comment_status":"closed","ping_status":"closed","template":"","meta":[],"aioseo_notices":[],"_links":{"self":[{"href":"https:\/\/tebben-automobile.de\/hp\/wp-json\/wp\/v2\/pages\/170"}],"collection":[{"href":"https:\/\/tebben-automobile.de\/hp\/wp-json\/wp\/v2\/pages"}],"about":[{"href":"https:\/\/tebben-automobile.de\/hp\/wp-json\/wp\/v2\/types\/page"}],"author":[{"embeddable":true,"href":"https:\/\/tebben-automobile.de\/hp\/wp-json\/wp\/v2\/users\/1"}],"replies":[{"embeddable":true,"href":"https:\/\/tebben-automobile.de\/hp\/wp-json\/wp\/v2\/comments?post=170"}],"version-history":[{"count":9,"href":"https:\/\/tebben-automobile.de\/hp\/wp-json\/wp\/v2\/pages\/170\/revisions"}],"predecessor-version":[{"id":989,"href":"https:\/\/tebben-automobile.de\/hp\/wp-json\/wp\/v2\/pages\/170\/revisions\/989"}],"wp:attachment":[{"href":"https:\/\/tebben-automobile.de\/hp\/wp-json\/wp\/v2\/media?parent=170"}],"curies":[{"name":"wp","href":"https:\/\/api.w.org\/{rel}","templated":true}]}}