{"id":227,"date":"2018-04-11T06:03:07","date_gmt":"2018-04-11T06:03:07","guid":{"rendered":"http:\/\/tebben-automobile.de\/hp\/?page_id=227"},"modified":"2025-08-13T15:50:57","modified_gmt":"2025-08-13T15:50:57","slug":"anfahrt","status":"publish","type":"page","link":"https:\/\/tebben-automobile.de\/hp\/anfahrt\/","title":{"rendered":"Anfahrt Autohaus"},"content":{"rendered":"<h5 style=\"text-align: center;\"><span style=\"color: #000000;\"><a style=\"color: #000000;\" href=\"https:\/\/tebben-automobile.de\/hp\/autohaus\/\">Autohaus<\/a> | <a style=\"color: #000000;\" href=\"https:\/\/tebben-automobile.de\/hp\/unsere-fahrzeuge\/\">Unsere Fahrzeuge<\/a> | <a style=\"color: #000000;\" href=\"https:\/\/tebben-automobile.de\/hp\/finanzierungen-und-garantie\/\">Finanzierungen und Gebrauchtwagengarantie<\/a> | <a style=\"color: #000000;\" href=\"https:\/\/tebben-automobile.de\/hp\/bewertungen\/\">Bewertungen<\/a><\/span><br \/>\n<span style=\"color: #000000;\"><a style=\"color: #000000;\" href=\"https:\/\/tebben-automobile.de\/hp\/kfz-zulassung\/\">KFZ-Zulassung<\/a> |\u00a0<\/span><span style=\"color: #808080;\"><a style=\"color: #808080;\" href=\"https:\/\/tebben-automobile.de\/hp\/anfahrt\">\u00d6ffnungszeiten &amp; Anfahrt<\/a><\/span><\/h5>\n<p><strong>\u00d6ffnungszeiten Verkauf:<\/strong><\/p>\n<p><strong>Montag &#8211; Dienstag: <\/strong>\u00a0 \u00a0 \u00a0 \u00a0 \u00a0 \u00a0 \u00a0 \u00a0 \u00a0 \u00a0 \u00a0 \u00a0 \u00a0 \u00a0 \u00a0 \u00a0 \u00a0 \u00a0 \u00a0 \u00a0 \u00a0 \u00a0 \u00a0 \u00a0 \u00a0 \u00a009.00 &#8211; 13.00 Uhr &amp; 14.00 &#8211; 18.00 Uhr<br \/>\n<strong>Mittwoch:\u00a0 \u00a0 \u00a0 \u00a0 \u00a0 \u00a0 \u00a0 \u00a0 \u00a0 \u00a0 \u00a0 \u00a0 \u00a0 \u00a0 \u00a0 \u00a0 \u00a0 \u00a0 \u00a0 \u00a0 \u00a0 \u00a0 \u00a0 \u00a0 \u00a0 \u00a0 \u00a0 \u00a0 \u00a0 \u00a0 \u00a0 \u00a0 Geschlossen<\/strong><br \/>\n<strong>Donnerstag:\u00a0 \u00a0 \u00a0 \u00a0 \u00a0 \u00a0 \u00a0 \u00a0 \u00a0 \u00a0 \u00a0 \u00a0 \u00a0 \u00a0 \u00a0 \u00a0 \u00a0 \u00a0 \u00a0 \u00a0 \u00a0 \u00a0 \u00a0 \u00a0 \u00a0 \u00a0 \u00a0 \u00a0 \u00a0 \u00a0 \u00a0<\/strong>09.00 &#8211; 15.00 Uhr\u00a0 \u00a0 \u00a0 \u00a0 \u00a0 \u00a0 \u00a0 \u00a0 \u00a0 \u00a0 \u00a0 \u00a0 \u00a0 \u00a0 \u00a0 \u00a0 <strong>Freitag:\u00a0 \u00a0 \u00a0 \u00a0 \u00a0 \u00a0 \u00a0 \u00a0 \u00a0 \u00a0 \u00a0 \u00a0 \u00a0 \u00a0 \u00a0 \u00a0 \u00a0 \u00a0 \u00a0 \u00a0 \u00a0 \u00a0 \u00a0 \u00a0 \u00a0 \u00a0 \u00a0 \u00a0 \u00a0 \u00a0 \u00a0 \u00a0 \u00a0<\/strong>\u00a0 09.00 &#8211; 13.00 Uhr &amp; 14.00 &#8211; 18.00 Uhr<br \/>\n<strong>Samstag<\/strong>:\u00a0 \u00a0 \u00a0 \u00a0 \u00a0 \u00a0 \u00a0 \u00a0 \u00a0 \u00a0 \u00a0 \u00a0 \u00a0 \u00a0 \u00a0 \u00a0 \u00a0 \u00a0 \u00a0 \u00a0 \u00a0 \u00a0 \u00a0 \u00a0 \u00a0 \u00a0 \u00a0 \u00a0 \u00a0 \u00a0 \u00a0 \u00a0 \u00a009:00 &#8211; 13:00 Uhr<\/p>\n<p><strong>Anfahrt:<br \/>\n<\/strong>Bremer Stra\u00dfe 110<br \/>\n49163 Bohmte\u00a0 \u00a0 \u00a0 \u00a0 \u00a0 \u00a0 \u00a0 \u00a0 \u00a0 \u00a0 \u00a0 \u00a0 \u00a0 \u00a0 \u00a0 \u00a0 \u00a0 \u00a0 \u00a0 \u00a0 \u00a0 \u00a0 \u00a0 \u00a0 \u00a0 \u00a0 \u00a0 \u00a0 \u00a0 \u00a0 \u00a0 \u00a0 \u00a0 \u00a0 \u00a0 \u00a0 \u00a0 \u00a0 \u00a0 \u00a0 \u00a0 \u00a0 \u00a0 \u00a0 \u00a0 \u00a0 \u00a0 \u00a0 \u00a0 \u00a0 \u00a0 \u00a0 \u00a0 \u00a0 \u00a0 \u00a0 \u00a0 \u00a0 Wenn Sie mit dem Navigationsger\u00e4t kommen, k\u00f6nnen Sie am besten die Stra\u00dfe &#8222;Zum Glockenturm&#8220; eingeben.<\/p>\n<p><iframe loading=\"lazy\" style=\"border: 0;\" src=\"https:\/\/www.google.com\/maps\/embed?pb=!1m18!1m12!1m3!1d13780.548094943506!2d8.312317106796195!3d52.368973892705654!2m3!1f0!2f0!3f0!3m2!1i1024!2i768!4f13.1!3m3!1m2!1s0x47b9fe53f28ff5c5%3A0x8739665e793c0288!2sTebben+Automobile!5e0!3m2!1sde!2sde!4v1523425627768\" width=\"600\" height=\"450\" frameborder=\"0\" allowfullscreen=\"allowfullscreen\"><\/iframe><\/p>\n","protected":false},"excerpt":{"rendered":"<p>Autohaus | Unsere Fahrzeuge | Finanzierungen und Gebrauchtwagengarantie | Bewertungen KFZ-Zulassung |\u00a0\u00d6ffnungszeiten &amp; Anfahrt \u00d6ffnungszeiten Verkauf: Montag &#8211; Dienstag: \u00a0<\/p>\n","protected":false},"author":1,"featured_media":0,"parent":0,"menu_order":0,"comment_status":"closed","ping_status":"closed","template":"","meta":[],"aioseo_notices":[],"_links":{"self":[{"href":"https:\/\/tebben-automobile.de\/hp\/wp-json\/wp\/v2\/pages\/227"}],"collection":[{"href":"https:\/\/tebben-automobile.de\/hp\/wp-json\/wp\/v2\/pages"}],"about":[{"href":"https:\/\/tebben-automobile.de\/hp\/wp-json\/wp\/v2\/types\/page"}],"author":[{"embeddable":true,"href":"https:\/\/tebben-automobile.de\/hp\/wp-json\/wp\/v2\/users\/1"}],"replies":[{"embeddable":true,"href":"https:\/\/tebben-automobile.de\/hp\/wp-json\/wp\/v2\/comments?post=227"}],"version-history":[{"count":56,"href":"https:\/\/tebben-automobile.de\/hp\/wp-json\/wp\/v2\/pages\/227\/revisions"}],"predecessor-version":[{"id":1272,"href":"https:\/\/tebben-automobile.de\/hp\/wp-json\/wp\/v2\/pages\/227\/revisions\/1272"}],"wp:attachment":[{"href":"https:\/\/tebben-automobile.de\/hp\/wp-json\/wp\/v2\/media?parent=227"}],"curies":[{"name":"wp","href":"https:\/\/api.w.org\/{rel}","templated":true}]}}