{"id":265,"date":"2018-04-11T14:34:19","date_gmt":"2018-04-11T14:34:19","guid":{"rendered":"http:\/\/tebben-automobile.de\/hp\/?page_id=265"},"modified":"2019-01-04T16:09:07","modified_gmt":"2019-01-04T16:09:07","slug":"stellenangebot-fahrzeugaufbereiter-fahrzeugpfleger-m-w","status":"publish","type":"page","link":"https:\/\/tebben-automobile.de\/hp\/stellenangebot-fahrzeugaufbereiter-fahrzeugpfleger-m-w\/","title":{"rendered":"Fahrzeugaufbereiter \/ Fahrzeugpfleger (m\/w\/d)"},"content":{"rendered":"<p class=\"stelle\">Vollzeit \/ Teilzeit<\/p>\n<p class=\"text\">An zwei Standorten in Bohmte f\u00fchren wir eine Kfz-Werkstatt und einen Neu- und Gebrauchtwagenhandel mit Tankstelle.<br \/>\nF\u00fcr unsere Gebrauchtwagenabteilung suchen wir Dich f\u00fcr die Beseitigung von Sch\u00f6nheitsfehlern und Pflege unserer Gebrauchtwagen.<\/p>\n<p><strong>Idealerweise bringen Sie mit:<\/strong><\/p>\n<ul class=\"liste\">\n<li>Abgeschlossene handwerkliche oder technische Ausbildung, idealerweise im Automobilhandel<\/li>\n<li>Berufserfahrung in der Fahrzeugpflege und -aufbereitung w\u00fcnschenswert<\/li>\n<li>Zuverl\u00e4ssige und gr\u00fcndliche Arbeitsweise<\/li>\n<li>Freundliches und offenes Auftreten gegen\u00fcber Kunden<\/li>\n<\/ul>\n<p class=\"text\">Die Zufriedenheit unserer Kunden, sowie Selbstst\u00e4ndigkeit und Teamf\u00e4higkeit sind uns besonders wichtig.<br \/>\nWir bieten Ihnen einen festen Arbeitsplatz in unserem qualifizierten Team mit entsprechender Einarbeitung und umfassender Fortbildung.<br \/>\nEs erwarten Sie abwechslungsreiche und spannende T\u00e4tigkeiten in einem freundlichen Umfeld.<\/p>\n<p><strong>Wir haben Ihr Interesse geweckt?<\/strong><br \/>\nDann Bewerben Sie sich jetzt per Post an:<\/p>\n<p class=\"text\"><strong>Tebben Automobile GmbH &amp; Co. KG<\/strong><br \/>\nWolfgang Tebben<br \/>\nBremer Stra\u00dfe 110<br \/>\n49163 Bohmte<\/p>\n<p>oder per E-Mail an:<br \/>\n<a href=\"mailto:bewerbung@tebben-automobile.de\">bewerbung@tebben-automobile.de<\/a><\/p>\n<p>Wir freuen uns auf Sie!<\/p>\n","protected":false},"excerpt":{"rendered":"<p>Vollzeit \/ Teilzeit An zwei Standorten in Bohmte f\u00fchren wir eine Kfz-Werkstatt und einen Neu- und Gebrauchtwagenhandel mit Tankstelle. F\u00fcr<\/p>\n","protected":false},"author":1,"featured_media":0,"parent":0,"menu_order":0,"comment_status":"closed","ping_status":"closed","template":"","meta":[],"aioseo_notices":[],"_links":{"self":[{"href":"https:\/\/tebben-automobile.de\/hp\/wp-json\/wp\/v2\/pages\/265"}],"collection":[{"href":"https:\/\/tebben-automobile.de\/hp\/wp-json\/wp\/v2\/pages"}],"about":[{"href":"https:\/\/tebben-automobile.de\/hp\/wp-json\/wp\/v2\/types\/page"}],"author":[{"embeddable":true,"href":"https:\/\/tebben-automobile.de\/hp\/wp-json\/wp\/v2\/users\/1"}],"replies":[{"embeddable":true,"href":"https:\/\/tebben-automobile.de\/hp\/wp-json\/wp\/v2\/comments?post=265"}],"version-history":[{"count":3,"href":"https:\/\/tebben-automobile.de\/hp\/wp-json\/wp\/v2\/pages\/265\/revisions"}],"predecessor-version":[{"id":627,"href":"https:\/\/tebben-automobile.de\/hp\/wp-json\/wp\/v2\/pages\/265\/revisions\/627"}],"wp:attachment":[{"href":"https:\/\/tebben-automobile.de\/hp\/wp-json\/wp\/v2\/media?parent=265"}],"curies":[{"name":"wp","href":"https:\/\/api.w.org\/{rel}","templated":true}]}}