{"id":351,"date":"2018-06-07T12:26:15","date_gmt":"2018-06-07T12:26:15","guid":{"rendered":"http:\/\/tebben-automobile.de\/hp\/?page_id=351"},"modified":"2018-10-30T09:03:48","modified_gmt":"2018-10-30T09:03:48","slug":"datenschutz","status":"publish","type":"page","link":"https:\/\/tebben-automobile.de\/hp\/datenschutz\/","title":{"rendered":"Datenschutzerkl\u00e4rung"},"content":{"rendered":"<div id=\"c986\" class=\"frame frame-default frame-type-text frame-layout-0\">\n<h2>Allgemeine Hinweise<\/h2>\n<p>Die folgenden Hinweise geben einen einfachen \u00dcberblick dar\u00fcber, was mit Ihren personenbezogenen Daten passiert, wenn Sie unsere Website besuchen. Personenbezogene Daten sind alle Daten, mit denen Sie pers\u00f6nlich identifiziert werden k\u00f6nnen. Ausf\u00fchrliche Informationen zum Thema Datenschutz entnehmen Sie unserer unter diesem Text aufgef\u00fchrten Datenschutzerkl\u00e4rung.<\/p>\n<h2>Datenerfassung auf unserer Website<\/h2>\n<p>Verantwortlich f\u00fcr die Datenerfassung auf dieser Homepage ist Tebben Automobile GmbH &amp; Co. KG<br \/>\nUnsere Kontaktdaten k\u00f6nnen Sie dem <a href=\"http:\/\/tebben-automobile.de\/hp\/impressum\/\">Impressum<\/a> entnehmen.<\/p>\n<h4>Wie erfassen wir Ihre Daten?<\/h4>\n<p>Ihre Daten werden zum einen dadurch erhoben, dass Sie uns diese mitteilen. Hierbei kann es sich z.B. um Daten handeln, die Sie in ein Kontaktformular eingeben.<\/p>\n<p>Andere Daten werden automatisch beim Besuch der Website durch unsere IT-Systeme erfasst. Das sind vor allem technische Daten (z.B. Internetbrowser, Betriebssystem oder Uhrzeit des Seitenaufrufs). Die Erfassung dieser Daten erfolgt automatisch, sobald Sie unsere Website betreten.<\/p>\n<p>Ein Teil der Daten wird erhoben, um eine fehlerfreie Bereitstellung der Website zu gew\u00e4hrleisten. Andere Daten k\u00f6nnen zur Analyse Ihres Nutzerverhaltens verwendet werden.<\/p>\n<h4>Welche Rechte haben Sie bez\u00fcglich Ihrer Daten?<\/h4>\n<p>Sie haben jederzeit das Recht unentgeltlich Auskunft \u00fcber Herkunft, Empf\u00e4nger und Zweck Ihrer gespeicherten personenbezogenen Daten zu erhalten. Sie haben au\u00dferdem ein Recht, die Berichtigung, Sperrung oder L\u00f6schung dieser Daten zu verlangen. Hierzu sowie zu weiteren Fragen zum Thema Datenschutz k\u00f6nnen Sie sich jederzeit unter der im Impressum angegebenen Adresse an uns wenden. Des Weiteren steht Ihnen ein Beschwerderecht bei der zust\u00e4ndigen Aufsichtsbeh\u00f6rde zu.<\/p>\n<h2 class=\"opensans\">Allgemeine Hinweise und Pflichtinformationen<\/h2>\n<p>Die Betreiber dieser Seiten nehmen den Schutz Ihrer pers\u00f6nlichen Daten sehr ernst. Wir behandeln Ihre personenbezogenen Daten vertraulich und entsprechend der gesetzlichen Datenschutzvorschriften sowie dieser Datenschutzerkl\u00e4rung.<\/p>\n<p>Wenn Sie diese Website benutzen, werden verschiedene personenbezogene Daten erhoben. Personenbezogene Daten sind Daten, mit denen Sie pers\u00f6nlich identifiziert werden k\u00f6nnen. Die vorliegende Datenschutzerkl\u00e4rung erl\u00e4utert, welche Daten wir erheben und wof\u00fcr wir sie nutzen. Sie erl\u00e4utert auch, wie und zu welchem Zweck das geschieht.<\/p>\n<p>Wir weisen darauf hin, dass die Daten\u00fcbertragung im Internet (z.B. bei der Kommunikation per E-Mail) Sicherheitsl\u00fccken aufweisen kann. Ein l\u00fcckenloser Schutz der Daten vor dem Zugriff durch Dritte ist nicht m\u00f6glich.<\/p>\n<h4>Verantwortliche Stelle<\/h4>\n<p>Tebben Automobile GmbH &amp; Co. KG<br \/>\nBremer Str. 110<br \/>\n49163 Bohmte<\/p>\n<h4>Widerruf Ihrer Einwilligung zur Datenverarbeitung<\/h4>\n<p>Viele Datenverarbeitungsvorg\u00e4nge sind nur mit Ihrer ausdr\u00fccklichen Einwilligung m\u00f6glich. Sie k\u00f6nnen eine bereits erteilte Einwilligung jederzeit widerrufen. Dazu reicht eine formlose Mitteilung per E-Mail an uns. Die Rechtm\u00e4\u00dfigkeit der bis zum Widerruf erfolgten Datenverarbeitung bleibt vom Widerruf unber\u00fchrt.<\/p>\n<h4>Beschwerderecht bei der zust\u00e4ndigen Aufsichtsbeh\u00f6rde<\/h4>\n<p>Im Falle datenschutzrechtlicher Verst\u00f6\u00dfe steht dem Betroffenen ein Beschwerderecht bei der zust\u00e4ndigen Aufsichtsbeh\u00f6rde zu. Zust\u00e4ndige Aufsichtsbeh\u00f6rde in datenschutzrechtlichen Fragen ist der Landesdatenschutzbeauftragte des Bundeslandes, in dem unser Unternehmen seinen Sitz hat. Eine Liste der Datenschutzbeauftragten sowie deren Kontaktdaten k\u00f6nnen folgendem Link entnommen werden:\u00a0<a href=\"https:\/\/www.bfdi.bund.de\/DE\/Infothek\/Anschriften_Links\/anschriften_links-node.html\" target=\"_blank\" rel=\"noopener\">https:\/\/www.bfdi.bund.de\/DE\/Infothek\/Anschriften_Links\/anschriften_links-node.html<\/a>.<\/p>\n<h4>Recht auf Daten\u00fcbertragbarkeit<\/h4>\n<p>Sie haben das Recht, Daten, die wir auf Grundlage Ihrer Einwilligung oder in Erf\u00fcllung eines Vertrags automatisiert verarbeiten, an sich oder an einen Dritten in einem g\u00e4ngigen, maschinenlesbaren Format aush\u00e4ndigen zu lassen. Sofern Sie die direkte \u00dcbertragung der Daten an einen anderen Verantwortlichen verlangen, erfolgt dies nur, soweit es technisch machbar ist.<\/p>\n<h4>Auskunft, Sperrung, L\u00f6schung, Berichtigung<\/h4>\n<p>Sie haben im Rahmen der geltenden gesetzlichen Bestimmungen jederzeit das Recht auf unentgeltliche Auskunft \u00fcber Ihre gespeicherten personenbezogenen Daten, deren Herkunft und Empf\u00e4nger und den Zweck der Datenverarbeitung und ggf. ein Recht auf Berichtigung, Sperrung oder L\u00f6schung dieser Daten. Hierzu sowie zu weiteren Fragen zum Thema personenbezogene Daten k\u00f6nnen Sie sich jederzeit unter der im Impressum angegebenen Adresse an uns wenden.<\/p>\n<h2 class=\"opensans\">Datenschutzbeauftragter<\/h2>\n<p>Sie erreichen unseren Datenschutzbeauftragten unter datenschutz@tebben-automobile.de<\/p>\n<h2 class=\"opensans\">Datenerfassung auf unserer Website<\/h2>\n<h4>Server-Log-Dateien<\/h4>\n<p>Der Provider unserer Internetseiten, die Hosteurope GmbH in K\u00f6ln, Deutschland, mit der wir eine Vereinbarung zur Auftragsverarbeitung geschlossen haben, erhebt und speichert automatisch Informationen in so genannten Server-Log-Dateien, die Ihr Browser automatisch an uns \u00fcbermittelt. Dies sind:<\/p>\n<ul>\n<li>Browsertyp und Browserversion<\/li>\n<li>verwendetes Betriebssystem<\/li>\n<li>Referrer URL<\/li>\n<li>Hostname des zugreifenden Rechners<\/li>\n<li>Uhrzeit der Serveranfrage<\/li>\n<li>IP-Adresse<\/li>\n<\/ul>\n<p>Eine Zusammenf\u00fchrung dieser Daten mit anderen Datenquellen wird nicht vorgenommen.<\/p>\n<p>Grundlage f\u00fcr die Datenverarbeitung ist Art. 6 Abs. 1 lit. f DSGVO, der die Verarbeitung von Daten zur Erf\u00fcllung eines Vertrags oder vorvertraglicher Ma\u00dfnahmen gestattet.<\/p>\n<h4>Kontaktformular und Kontaktaufnahme via E-Mail<\/h4>\n<p>Wenn Sie uns per Kontaktformular oder via E-Mail Anfragen zukommen lassen, werden Ihre Angaben aus dem Anfrageformular oder Ihrer E-Mail inklusive der von Ihnen dort angegebenen Kontaktdaten zwecks Bearbeitung der Anfrage und f\u00fcr den Fall von Anschlussfragen bei uns gespeichert.<\/p>\n<p>Die Verarbeitung der in das Kontaktformular eingegebenen Daten erfolgt somit ausschlie\u00dflich auf Grundlage von Art. 6 Abs. 1 lit. b DSGVO, Vertragserf\u00fcllung oder vorvertragliche Ma\u00dfnahmen die auf Anfrage der betroffenen Person erfolgen.<\/p>\n<p>Die von Ihnen im Kontaktformular oder in der E-Mail eingegebenen Daten verbleiben bei uns, bis Sie uns zur L\u00f6schung auffordern, Ihre Einwilligung zur Speicherung widerrufen oder der Zweck f\u00fcr die Datenspeicherung entf\u00e4llt (z. B. nach abgeschlossener Bearbeitung Ihrer Anfrage). Zwingende gesetzliche Bestimmungen \u2013 insbesondere Aufbewahrungsfristen \u2013 bleiben unber\u00fchrt.<br \/>\nDer Versand der Daten erfolgt \u00fcber die Server von\u00a0Andy Dunkel und Daniel Iwer GbR in D-15907 L\u00fcbben.<\/p>\n<p>Weiterhin k\u00f6nnen wir personenbezogene Daten \u00fcber Sie verarbeiten, soweit dies zur Abwehr von geltend gemachten Rechtsanspr\u00fcchen aus dem Bewerbungsverfahren gegen uns erforderlich ist. Rechtsgrundlage ist dabei Artikel 6 Abs. 1, lit. f DSGVO. Das berechtigte Interesse ist beispielsweise eine Beweispflicht in einem Verfahren nach dem Allgemeinen Gleichbehandlungsgesetz (AGG).<\/p>\n<h2 class=\"opensans\">Links zu Sozialen Medien und weiteren Angeboten<\/h2>\n<h4>Facebook-Link<\/h4>\n<p>Auf unseren Seiten sind Links zu unserer Fanpage des sozialen Netzwerks Facebook, Anbieter Facebook Inc., 1 Hacker Way, Menlo Park, California 94025, USA, integriert. Die Facebook-Links erkennen Sie an dem Facebook-Logo.<\/p>\n<p>Wenn Sie einen Facebook-Link anklicken, wird eine direkte Verbindung zwischen Ihrem Browser und dem Facebook-Server hergestellt. Facebook erh\u00e4lt dadurch die Information, dass Sie mit Ihrer IP-Adresse unsere Seite besucht haben. Wenn Sie den Facebook-Link anklicken, w\u00e4hrend Sie in Ihrem Facebook-Account eingeloggt sind, kann Facebook den Besuch unserer Seiten Ihrem Benutzerkonto zuordnen. Wir weisen darauf hin, dass wir als Anbieter der Seiten keine Kenntnis vom Inhalt der \u00fcbermittelten Daten sowie deren Nutzung durch Facebook erhalten. Weitere Informationen hierzu finden Sie in der Datenschutzerkl\u00e4rung von Facebook unter:\u00a0<a href=\"https:\/\/de-de.facebook.com\/policy.php\" target=\"_blank\" rel=\"noopener\">https:\/\/de-de.facebook.com\/policy.php<\/a>. Wenn Sie nicht w\u00fcnschen, dass Facebook den Besuch unserer Seiten Ihrem Facebook-Nutzerkonto zuordnen kann, loggen Sie sich bitte vor dem Anklicken des Facebook-Links aus Ihrem Facebook-Benutzerkonto aus. Der Einbau des Facebook-Links in unsere Webseite erfolgt im Interesse einer ansprechenden Darstellung unseres Online-Angebotes. Dies stellt ein berechtigtes Interesse im Sinne von Art. 6 Abs. 1 lit. f DSGVO dar.<\/p>\n<p><strong>WhatsApp<\/p>\n<p><\/strong>Sofern Sie mit uns den Kontakt \u00fcber WhatsApp suchen, haben Sie bereits den Gesch\u00e4fts- und Datenschutzbedingungen von WhatsApp bei Ihrer Anmeldung zugestimmt. Bitte beachten Sie, dass sich WhatsApp die Rechte an den \u00fcbermittelten Informationen vorbeh\u00e4lt und die Daten \u00fcber deren Server geleitet werden. Wir nutzen f\u00fcr den Empfang Ihrer Nachrichten ein nur zu diesem Zweck eingesetztes Empfangsger\u00e4t. In der Kontaktliste dieses Ger\u00e4ts werden keine Rufnummern gespeichert, sodass keine automatische R\u00fcck\u00fcbertragung mit pers\u00f6nlichen Daten an WhatsApp erfolgt.<\/p>\n<h2 class=\"opensans\">iFrames und Tools<\/h2>\n<h4>Mobile.de Fahrzeugmarkt<\/h4>\n<p>Auf unserer Internetpr\u00e4senz sind iFrame die zu Mobile.de f\u00fchren.<br \/>\nBeim Aufruf dieser Unterseiten wird eine Verbindung zu den Servern von Mobile.de hergestellt und personenbezogene Daten an den mobile.de-Server \u00fcbermittelt. Rechtsgrundlage f\u00fcr die Einbindung des Mobile.de Fahrzeugmarktes ist Art. 6 Abs. 1 lit. b. DSGVO, Erf\u00fcllung eines Vertrages oder Durchf\u00fchrung vorvertraglicher Ma\u00dfnahmen, die auf Anfrage der betroffenen Person erfolgen.<br \/>\nWeitere Informationen zum Umgang mit den Nutzerdaten finden Sie in der Datenschutzerkl\u00e4rung von Mobile.de\u00a0<a href=\"https:\/\/www.mobile.de\/service\/privacyPolicy?lang=de\">https:\/\/www.mobile.de\/service\/privacyPolicy?lang=de<\/a><\/p>\n<h4>Verwendung von Google Maps<\/h4>\n<p>Diese Webseite verwendet Google Maps API, um geographische Informationen visuell darzustellen. Bei der Nutzung von Google Maps werden von Google auch Daten \u00fcber die Nutzung der Kartenfunktionen durch Besucher erhoben, verarbeitet und genutzt. N\u00e4here Informationen \u00fcber die Datenverarbeitung durch Google k\u00f6nnen Sie\u00a0den Google-Datenschutzhinweisen\u00a0unter\u00a0<a href=\"http:\/\/www.google.com\/privacypolicy.html\">http:\/\/www.google.com\/privacypolicy.html\u00a0<\/a> entnehmen. Dort k\u00f6nnen Sie im Datenschutzcenter auch Ihre pers\u00f6nlichen Datenschutz-Einstellungen ver\u00e4ndern.<\/p>\n<\/div>\n<div id=\"c988\" class=\"frame frame-default frame-type-text frame-layout-0\">\n<h2 class=\"opensans\">Kontaktaufnahme per Telefon oder Telefax<\/h2>\n<p class=\"Default\">Wenn Sie uns per Telefon oder Fax kontaktieren, \u00fcbermitteln Sie uns im Regelfall Ihre Telefonnummer. Ihre Rufnummer, Zielrufnummer, das Datum und Uhrzeit sowie ggf. Dauer des Telefonates oder \u00dcbertragung wird durch unsere Telekommunikationsger\u00e4te und durch unseren Telekommunikationsprovider gespeichert. Dies erfolgt auf Grundlage des Art. 6 Abs. 1 lit. f (Wahrung der berechtigten Interessen, z. B. um nicht angenommene Anrufe zur\u00fcckzurufen).<\/p>\n<p class=\"Default\">Wenn Sie uns per Telefon oder Fax Anfragen zukommen lassen, werden Ihre Angaben \u2013 bei Bedarf &#8211; inklusive der von Ihnen dort angegebenen Kontaktdaten zwecks Bearbeitung der Anfrage und f\u00fcr den Fall von Anschlussfragen bei uns gespeichert. Die Verarbeitung der Daten erfolgt im Regelfall auf Grundlage des Art. 6 Abs. 1 lit. b. DS-GVO: Verarbeitung von Daten zur Erf\u00fcllung eines Vertrags oder vorvertraglicher Ma\u00dfnahmen.<\/p>\n<h2><strong>Video\u00fcberwachung<\/strong><\/h2>\n<p>An den beiden Standorten (Am Feuerwehrhaus 4 und Bremer Str. 110 in 49163 Bohmte) findet eine Video\u00fcberwachung nach \u00a7 4 BDSG statt. Die Video\u00fcberwachung dient den folgenden Zwecken:<\/p>\n<ul class=\"liste\">\n<li>Wahrnehmung des Hausrechts<\/li>\n<li>Schutz vor Vandalismus und Diebstahl<\/li>\n<li>Aufkl\u00e4rung etwaiger Straftaten<\/li>\n<li>Abrechnungsr\u00fcckfragen<\/li>\n<\/ul>\n<h2 class=\"opensans\">Dauer der Speicherung<\/h2>\n<p>Wir l\u00f6schen personenbezogene Daten, sofern sie f\u00fcr die Auftragserf\u00fcllung oder Vertragsanbahnung nicht mehr erforderlich sind und der L\u00f6schung keine gesetzlichen Aufbewahrungsfristen oder andere gesetzliche Regelungen entgegenstehen.<br \/>\nDies gilt auch f\u00fcr die Video\u00fcberwachung.<\/p>\n<h2 class=\"opensans\">Aufkl\u00e4rung \u00fcber die Bereitstellung personenbezogener Daten, die gesetzlich oder vertraglich vorgeschrieben ist und Information \u00fcber die m\u00f6gliche Folgen der Nichtbereitstellung<\/h2>\n<p>Die Bereitstellung personenbezogener Daten kann zum Teil gesetzlich vorgeschrieben sein oder sich auch aus vertraglichen Regelungen ergeben. F\u00fcr den Abschluss eines Vertrages kann es erforderlich sein, dass Sie uns personenbezogene Daten zur Verf\u00fcgung stellen, die wir speichern und weiter verarbeiten m\u00fcssen. Die Nichtbereitstellung der personenbezogenen Daten h\u00e4tte zur Folge, dass der Vertrag mit Ihnen nicht geschlossen werden kann.<\/p>\n<p class=\"opensans\">Letzte Aktualisierung: 30.10.2018<\/p>\n<\/div>\n","protected":false},"excerpt":{"rendered":"<p>Allgemeine Hinweise Die folgenden Hinweise geben einen einfachen \u00dcberblick dar\u00fcber, was mit Ihren personenbezogenen Daten passiert, wenn Sie unsere Website<\/p>\n","protected":false},"author":1,"featured_media":0,"parent":0,"menu_order":0,"comment_status":"closed","ping_status":"closed","template":"","meta":[],"aioseo_notices":[],"_links":{"self":[{"href":"https:\/\/tebben-automobile.de\/hp\/wp-json\/wp\/v2\/pages\/351"}],"collection":[{"href":"https:\/\/tebben-automobile.de\/hp\/wp-json\/wp\/v2\/pages"}],"about":[{"href":"https:\/\/tebben-automobile.de\/hp\/wp-json\/wp\/v2\/types\/page"}],"author":[{"embeddable":true,"href":"https:\/\/tebben-automobile.de\/hp\/wp-json\/wp\/v2\/users\/1"}],"replies":[{"embeddable":true,"href":"https:\/\/tebben-automobile.de\/hp\/wp-json\/wp\/v2\/comments?post=351"}],"version-history":[{"count":10,"href":"https:\/\/tebben-automobile.de\/hp\/wp-json\/wp\/v2\/pages\/351\/revisions"}],"predecessor-version":[{"id":622,"href":"https:\/\/tebben-automobile.de\/hp\/wp-json\/wp\/v2\/pages\/351\/revisions\/622"}],"wp:attachment":[{"href":"https:\/\/tebben-automobile.de\/hp\/wp-json\/wp\/v2\/media?parent=351"}],"curies":[{"name":"wp","href":"https:\/\/api.w.org\/{rel}","templated":true}]}}