{"id":608,"date":"2018-10-30T08:28:51","date_gmt":"2018-10-30T08:28:51","guid":{"rendered":"https:\/\/tebben-automobile.de\/hp\/?page_id=608"},"modified":"2020-02-11T14:08:51","modified_gmt":"2020-02-11T14:08:51","slug":"whatsapp-kontakt","status":"publish","type":"page","link":"https:\/\/tebben-automobile.de\/hp\/whatsapp-kontakt\/","title":{"rendered":"WhatsApp Kontakt"},"content":{"rendered":"<p><strong>Wir sind auch \u00fcber WhatsApp zu erreichen!<img loading=\"lazy\" class=\"alignright wp-image-610 size-thumbnail\" src=\"https:\/\/tebben-automobile.de\/hp\/wp-content\/uploads\/2018\/10\/whatsapp-150x150.png\" alt=\"\" width=\"150\" height=\"150\" srcset=\"https:\/\/tebben-automobile.de\/hp\/wp-content\/uploads\/2018\/10\/whatsapp-150x150.png 150w, https:\/\/tebben-automobile.de\/hp\/wp-content\/uploads\/2018\/10\/whatsapp-300x300.png 300w, https:\/\/tebben-automobile.de\/hp\/wp-content\/uploads\/2018\/10\/whatsapp-768x768.png 768w, https:\/\/tebben-automobile.de\/hp\/wp-content\/uploads\/2018\/10\/whatsapp-1024x1024.png 1024w\" sizes=\"(max-width: 150px) 100vw, 150px\" \/><\/strong><\/p>\n<p>Gern k\u00f6nnen Sie mit uns auch \u00fcber WhatsApp Kontakt aufnehmen. Schreiben Sie uns Ihre Anfragen und Nachrichten, oder senden Sie uns Fotos oder Dokumentkopien.<\/p>\n<p>Speichern Sie einfach unsere Rufnummer in Ihr Smartphone und WhatsApp erkennt automatisch, dass Sie uns eine Nachricht zusenden k\u00f6nnen.<\/p>\n<p>Noch einfacher geht es, wenn Sie den abgebildeten QR-Code mit Ihrem Smartphone und einer passenden App einscannen und schon sind unsere Kontaktdaten in Ihrem Handy:<\/p>\n<p><a href=\"https:\/\/tebben-automobile.de\/hp\/wp-content\/uploads\/2018\/10\/Kontakt.png\"><img loading=\"lazy\" class=\"alignnone size-full wp-image-609\" src=\"https:\/\/tebben-automobile.de\/hp\/wp-content\/uploads\/2018\/10\/Kontakt.png\" alt=\"\" width=\"266\" height=\"263\" \/><\/a><\/p>\n<h2>Telefon und WhatsApp: 05471 675<\/h2>\n","protected":false},"excerpt":{"rendered":"<p>Wir sind auch \u00fcber WhatsApp zu erreichen! Gern k\u00f6nnen Sie mit uns auch \u00fcber WhatsApp Kontakt aufnehmen. Schreiben Sie uns<\/p>\n","protected":false},"author":1,"featured_media":0,"parent":0,"menu_order":0,"comment_status":"closed","ping_status":"closed","template":"","meta":[],"aioseo_notices":[],"_links":{"self":[{"href":"https:\/\/tebben-automobile.de\/hp\/wp-json\/wp\/v2\/pages\/608"}],"collection":[{"href":"https:\/\/tebben-automobile.de\/hp\/wp-json\/wp\/v2\/pages"}],"about":[{"href":"https:\/\/tebben-automobile.de\/hp\/wp-json\/wp\/v2\/types\/page"}],"author":[{"embeddable":true,"href":"https:\/\/tebben-automobile.de\/hp\/wp-json\/wp\/v2\/users\/1"}],"replies":[{"embeddable":true,"href":"https:\/\/tebben-automobile.de\/hp\/wp-json\/wp\/v2\/comments?post=608"}],"version-history":[{"count":3,"href":"https:\/\/tebben-automobile.de\/hp\/wp-json\/wp\/v2\/pages\/608\/revisions"}],"predecessor-version":[{"id":809,"href":"https:\/\/tebben-automobile.de\/hp\/wp-json\/wp\/v2\/pages\/608\/revisions\/809"}],"wp:attachment":[{"href":"https:\/\/tebben-automobile.de\/hp\/wp-json\/wp\/v2\/media?parent=608"}],"curies":[{"name":"wp","href":"https:\/\/api.w.org\/{rel}","templated":true}]}}