{"id":7,"date":"2018-04-10T06:25:36","date_gmt":"2018-04-10T06:25:36","guid":{"rendered":"http:\/\/tebben-automobile.de\/hp\/?page_id=7"},"modified":"2020-02-25T10:17:18","modified_gmt":"2020-02-25T10:17:18","slug":"werkstatt","status":"publish","type":"page","link":"https:\/\/tebben-automobile.de\/hp\/werkstatt\/","title":{"rendered":"Werkstatt"},"content":{"rendered":"<h5 style=\"text-align: center;\"><span style=\"color: #000000;\"><span style=\"color: #808080;\"><a style=\"color: #808080;\" href=\"https:\/\/tebben-automobile.de\/hp\/werkstatt\/\">unsere Werkstatt<\/a><\/span> | <a style=\"color: #000000;\" href=\"https:\/\/tebben-automobile.de\/hp\/leistungen\/\">unsere Leistungen<\/a> | <a style=\"color: #000000;\" href=\"https:\/\/tebben-automobile.de\/hp\/hu-au-termine\/\">HU &amp; AU Termine<\/a> | <a style=\"color: #000000;\" href=\"https:\/\/tebben-automobile.de\/hp\/anfahrtwerkstatt\/\">\u00d6ffnungszeiten und Anfahrt<\/a><\/span><\/h5>\n<p><img loading=\"lazy\" class=\"alignnone wp-image-184 size-large\" src=\"https:\/\/tebben-automobile.de\/hp\/wp-content\/uploads\/2018\/04\/Hunteburg01-22-1024x409.png\" alt=\"\" width=\"810\" height=\"324\" srcset=\"https:\/\/tebben-automobile.de\/hp\/wp-content\/uploads\/2018\/04\/Hunteburg01-22-1024x409.png 1024w, https:\/\/tebben-automobile.de\/hp\/wp-content\/uploads\/2018\/04\/Hunteburg01-22-300x120.png 300w, https:\/\/tebben-automobile.de\/hp\/wp-content\/uploads\/2018\/04\/Hunteburg01-22-768x306.png 768w, https:\/\/tebben-automobile.de\/hp\/wp-content\/uploads\/2018\/04\/Hunteburg01-22.png 1920w\" sizes=\"(max-width: 810px) 100vw, 810px\" \/><\/p>\n<p>Wussten Sie eigentlich, dass die Fahrzeughersteller die Autoteile nur zu 20% selbst produzieren? 80% der Montageteile werden von Teileherstellern bzw. Komponentenherstellern entwickelt und produziert. Sie sind identisch mit den Original-Marken-Ersatzteilen f\u00fchrender Erstausr\u00fcster und werden auch von Werkst\u00e4tten verbaut, die nicht an eine Automobilmarke gebunden sind.<br \/>\nAls freie Werkstatt garantieren wir Ihnen entsprechend auf die Ersatzteile genau dieselbe Sicherheit und volle Gew\u00e4hrleistung wie der Fahrzeughersteller.<br \/>\nEbenso verf\u00fcgen unsere Kfz-Meister \u00fcber ein genauso hohes fahrzeugtechnisches Know-how. Z\u00f6gern Sie nicht und rufen Sie uns an!<\/p>\n","protected":false},"excerpt":{"rendered":"<p>unsere Werkstatt | unsere Leistungen | HU &amp; AU Termine | \u00d6ffnungszeiten und Anfahrt Wussten Sie eigentlich, dass die Fahrzeughersteller<\/p>\n","protected":false},"author":1,"featured_media":0,"parent":0,"menu_order":0,"comment_status":"closed","ping_status":"closed","template":"","meta":[],"aioseo_notices":[],"_links":{"self":[{"href":"https:\/\/tebben-automobile.de\/hp\/wp-json\/wp\/v2\/pages\/7"}],"collection":[{"href":"https:\/\/tebben-automobile.de\/hp\/wp-json\/wp\/v2\/pages"}],"about":[{"href":"https:\/\/tebben-automobile.de\/hp\/wp-json\/wp\/v2\/types\/page"}],"author":[{"embeddable":true,"href":"https:\/\/tebben-automobile.de\/hp\/wp-json\/wp\/v2\/users\/1"}],"replies":[{"embeddable":true,"href":"https:\/\/tebben-automobile.de\/hp\/wp-json\/wp\/v2\/comments?post=7"}],"version-history":[{"count":10,"href":"https:\/\/tebben-automobile.de\/hp\/wp-json\/wp\/v2\/pages\/7\/revisions"}],"predecessor-version":[{"id":816,"href":"https:\/\/tebben-automobile.de\/hp\/wp-json\/wp\/v2\/pages\/7\/revisions\/816"}],"wp:attachment":[{"href":"https:\/\/tebben-automobile.de\/hp\/wp-json\/wp\/v2\/media?parent=7"}],"curies":[{"name":"wp","href":"https:\/\/api.w.org\/{rel}","templated":true}]}}