{"id":772,"date":"2019-09-27T09:53:42","date_gmt":"2019-09-27T09:53:42","guid":{"rendered":"https:\/\/tebben-automobile.de\/hp\/?page_id=772"},"modified":"2020-02-12T09:14:13","modified_gmt":"2020-02-12T09:14:13","slug":"getriebeoelspuehlung","status":"publish","type":"page","link":"https:\/\/tebben-automobile.de\/hp\/getriebeoelspuehlung\/","title":{"rendered":"Getriebe\u00f6lsp\u00fchlung"},"content":{"rendered":"<div class=\"headtitel\">\n<div class=\"container\">\n<h1 class=\"titel\">Getriebesp\u00fclung bei Tebben Automobile<\/h1>\n<div class=\"utitel\">Fr\u00fchzeitig handeln &amp; kostspielige Reparaturen vermeiden!<br \/>\nJetzt termin vereinbaren!<\/div>\n<\/div>\n<\/div>\n<p>&nbsp;<\/p>\n<p><strong>Das Problem<\/strong><\/p>\n<p>Anfahrschw\u00e4che, ruckelige oder verz\u00f6gerte Gangwechsel, schlechte Beschleunigung, Leistungsverlust, erh\u00f6hter Kraftstoffverbrauch und leichte Ger\u00e4usche \u2013 das kommt auch bei den besten Automatik-Getrieben vor. Der Prozess kommt schleichend und wird am Anfang oft nur vage wahrgenommen. Der leichte Ruck im Getriebe, der den Schaltvorgang signalisiert, wird st\u00e4rker und kommt irgendwie zu sp\u00e4t. Besonders sp\u00fcrbar ist dieses Verhalten in der kalten Jahreszeit.<\/p>\n<p><strong>Ein m\u00f6glicher Grund<\/strong><\/p>\n<p>Das \u00d6l im\u00a0Automatik-Getriebe\u00a0altert mit der Zeit, die Viskosit\u00e4t des \u00d6ls ver\u00e4ndert sich. Zudem bereiten Abrieb und R\u00fcckst\u00e4nde im Getriebe Probleme und f\u00fchren zu besagten Auswirkungen.<\/p>\n<p><strong>Die L\u00f6sung<\/strong><\/p>\n<p><strong>Das Automatik-Getriebe\u00f6l muss neu.<\/strong><\/p>\n","protected":false},"excerpt":{"rendered":"<p>Getriebesp\u00fclung bei Tebben Automobile Fr\u00fchzeitig handeln &amp; kostspielige Reparaturen vermeiden! Jetzt termin vereinbaren! &nbsp; Das Problem Anfahrschw\u00e4che, ruckelige oder verz\u00f6gerte<\/p>\n","protected":false},"author":1,"featured_media":0,"parent":0,"menu_order":0,"comment_status":"closed","ping_status":"closed","template":"","meta":[],"aioseo_notices":[],"_links":{"self":[{"href":"https:\/\/tebben-automobile.de\/hp\/wp-json\/wp\/v2\/pages\/772"}],"collection":[{"href":"https:\/\/tebben-automobile.de\/hp\/wp-json\/wp\/v2\/pages"}],"about":[{"href":"https:\/\/tebben-automobile.de\/hp\/wp-json\/wp\/v2\/types\/page"}],"author":[{"embeddable":true,"href":"https:\/\/tebben-automobile.de\/hp\/wp-json\/wp\/v2\/users\/1"}],"replies":[{"embeddable":true,"href":"https:\/\/tebben-automobile.de\/hp\/wp-json\/wp\/v2\/comments?post=772"}],"version-history":[{"count":2,"href":"https:\/\/tebben-automobile.de\/hp\/wp-json\/wp\/v2\/pages\/772\/revisions"}],"predecessor-version":[{"id":811,"href":"https:\/\/tebben-automobile.de\/hp\/wp-json\/wp\/v2\/pages\/772\/revisions\/811"}],"wp:attachment":[{"href":"https:\/\/tebben-automobile.de\/hp\/wp-json\/wp\/v2\/media?parent=772"}],"curies":[{"name":"wp","href":"https:\/\/api.w.org\/{rel}","templated":true}]}}