{"id":789,"date":"2019-11-12T08:00:49","date_gmt":"2019-11-12T08:00:49","guid":{"rendered":"https:\/\/tebben-automobile.de\/hp\/?page_id=789"},"modified":"2022-03-25T16:44:25","modified_gmt":"2022-03-25T16:44:25","slug":"eln-fahrzeugboerse-neuwagen-gebrauchtwagen","status":"publish","type":"page","link":"https:\/\/tebben-automobile.de\/hp\/eln-fahrzeugboerse-neuwagen-gebrauchtwagen\/","title":{"rendered":"Fahrzeugb\u00f6rse"},"content":{"rendered":"<p>Wir sind angeschlossen an die ELN Fahrzeugb\u00f6rse und k\u00f6nnen Ihnen diese Fahrzeuge besorgen.<br \/>\n<a href=\"https:\/\/home.mobile.de\/TEBBENAUTOMOBILE#ses\" target=\"_blank\" rel=\"noopener noreferrer\">Alle bei uns aktuell auf dem Platz stehenden Fahrzeuge, finden Sie auf unserer Mobile.de Homepage<\/a><\/p>\n<p><script type=\"text\/javascript\" src=\"https:\/\/reseller.eln.de\/js\/jquery.min.js\"><\/script><br \/>\n<iframe id=\"elniframe\" src=\"https:\/\/reseller.eln.de\/4419\/vehiclesearch\" scrolling=\"no\" frameborder=\"0\" onload=\"frameresizer()\" style=\"width:100%; min-height: 400px;\"><\/iframe><br \/>\n<script src=\"https:\/\/reseller.eln.de\/js\/iframeResizer\/iframeResizer.min.js\"><\/script><br \/>\n<script src=\"https:\/\/reseller.eln.de\/js\/iframeResizer\/iframeResizerConfig.js\"><\/script><\/p>\n","protected":false},"excerpt":{"rendered":"<p>Wir sind angeschlossen an die ELN Fahrzeugb\u00f6rse und k\u00f6nnen Ihnen diese Fahrzeuge besorgen. Alle bei uns aktuell auf dem Platz<\/p>\n","protected":false},"author":1,"featured_media":0,"parent":0,"menu_order":0,"comment_status":"closed","ping_status":"closed","template":"","meta":[],"aioseo_notices":[],"_links":{"self":[{"href":"https:\/\/tebben-automobile.de\/hp\/wp-json\/wp\/v2\/pages\/789"}],"collection":[{"href":"https:\/\/tebben-automobile.de\/hp\/wp-json\/wp\/v2\/pages"}],"about":[{"href":"https:\/\/tebben-automobile.de\/hp\/wp-json\/wp\/v2\/types\/page"}],"author":[{"embeddable":true,"href":"https:\/\/tebben-automobile.de\/hp\/wp-json\/wp\/v2\/users\/1"}],"replies":[{"embeddable":true,"href":"https:\/\/tebben-automobile.de\/hp\/wp-json\/wp\/v2\/comments?post=789"}],"version-history":[{"count":10,"href":"https:\/\/tebben-automobile.de\/hp\/wp-json\/wp\/v2\/pages\/789\/revisions"}],"predecessor-version":[{"id":1013,"href":"https:\/\/tebben-automobile.de\/hp\/wp-json\/wp\/v2\/pages\/789\/revisions\/1013"}],"wp:attachment":[{"href":"https:\/\/tebben-automobile.de\/hp\/wp-json\/wp\/v2\/media?parent=789"}],"curies":[{"name":"wp","href":"https:\/\/api.w.org\/{rel}","templated":true}]}}