{"id":862,"date":"2020-09-08T09:48:19","date_gmt":"2020-09-08T09:48:19","guid":{"rendered":"https:\/\/tebben-automobile.de\/hp\/?page_id=862"},"modified":"2020-09-08T11:18:48","modified_gmt":"2020-09-08T11:18:48","slug":"neuwagen-elektrofahrzeuge","status":"publish","type":"page","link":"https:\/\/tebben-automobile.de\/hp\/neuwagen-elektrofahrzeuge\/","title":{"rendered":"Neuwagen und Elektrofahrzeuge"},"content":{"rendered":"<p>Der schnellste und g\u00fcnstigste Weg zu ihrem Neuwagen. Bei uns erhalten Sie Ihr pers\u00f6nliches Angebot f\u00fcr deutsche Neuwagen von offiziellen Vertragsh\u00e4ndlern mit Abzug aller verf\u00fcgbaren Rabatte, sowie weitere m\u00f6gliche Pr\u00e4mien &amp; Bonis der Hersteller.<\/p>\n<p><span style=\"color: #ff0000;\"><strong>Unsere Leistungen &#8211; Ihre Vorteile<\/strong><\/span><\/p>\n<ul>\n<li><strong>Alle g\u00e4ngigen Automarken<\/strong><\/li>\n<li><strong>PKW und Nutzfahrzeuge<\/strong><\/li>\n<li><strong>Deutsche Neuwagen (Keine Re-Importe \/ EU-Fahrzeuge)<\/strong><\/li>\n<li><strong>Frei konfigurierbare Ausstattung<\/strong><\/li>\n<li><strong>Hervorragende Konditionen oft g\u00fcnstiger als beim H\u00e4ndler vor Ort<br \/>\n<\/strong><\/li>\n<li><strong>G\u00fcnstige Finanzierungs- und Leasingkonditionen<\/strong><\/li>\n<li><strong>Zahlung erst bei \u00dcbernahme<\/strong><\/li>\n<li><strong>Volle Herstellergarantie<\/strong><\/li>\n<li><strong>Kompetente Ansprechpartner<\/strong><\/li>\n<li><strong>Marken\u00fcbergreifende Beratung<\/strong><\/li>\n<\/ul>\n<p><strong><span style=\"color: #ff0000;\">So einfach funktioniert&#8217;s:<\/span><br \/>\n<\/strong><\/p>\n<ol>\n<li><strong>Wunschfahrzeug konfigurieren<\/strong><br \/>\nDen gew\u00fcnschten Neuwagen k\u00f6nnen Sie bereits auf der Homepage des Herstellers nach Ihren W\u00fcnschen konfigurieren. Drucken Sie die konfiguration aus oder schicken uns diese per E-Mail.<\/li>\n<li><strong>Angebote vergleichen<\/strong><br \/>\nAuf Basis Ihrer Fahrzeugkonfiguration wird dann bundesweit bei ausgew\u00e4hlten Vertragsh\u00e4ndlern recherchiert und Ihnen umgehend entsprechende Angebote unterbreitet.<\/li>\n<li><strong>Vermittlung beauftragen<\/strong><br \/>\nWenn Ihnen eines unserer Angebote zusagt, dann beauftragen Sie uns einfach mit der Vermittlung. Dieser Service ist f\u00fcr Sie nat\u00fcrlich vollkommen\u00a0<strong>kostenlos.<\/strong><\/li>\n<li><strong>Neuwagen bestellen<\/strong><br \/>\nDen Kaufvertrag erhalten Sie von einem deutschen Vertragsh\u00e4ndler. Erst wenn Sie diesen Vertrag unterschrieben an den Vertragsh\u00e4ndler zur\u00fccksenden, kommt es zu einer verbindlichen Bestellung.<\/li>\n<li><strong>Zahlen und abholen<\/strong><br \/>\nDen Kaufpreis zahlen Sie entsprechende der vereinbarten Zahlungsmodalit\u00e4t sicher und direkt an den ausliefernden H\u00e4ndler. Selbstverst\u00e4ndlich ist es auch m\u00f6glich das Fahrzeug zu finanzieren oder zu leasen. Je nach Hersteller k\u00f6nnen Sie zwischen der Abholung bei uns, bei dem Vertragsh\u00e4ndler, im Werk oder einer Lieferung vor Ihre Haust\u00fcre w\u00e4hlen.<\/li>\n<\/ol>\n<h2 style=\"text-align: center;\"><strong>Wir sind f\u00fcr Sie da, <a href=\"https:\/\/tebben-automobile.de\/hp\/kontakt\/\">Kontaktieren<\/a> Sie uns!<br \/>\nTel.: 05471 \/ 675<\/strong><\/h2>\n","protected":false},"excerpt":{"rendered":"<p>Der schnellste und g\u00fcnstigste Weg zu ihrem Neuwagen. Bei uns erhalten Sie Ihr pers\u00f6nliches Angebot f\u00fcr deutsche Neuwagen von offiziellen<\/p>\n","protected":false},"author":1,"featured_media":0,"parent":0,"menu_order":0,"comment_status":"closed","ping_status":"closed","template":"","meta":[],"aioseo_notices":[],"_links":{"self":[{"href":"https:\/\/tebben-automobile.de\/hp\/wp-json\/wp\/v2\/pages\/862"}],"collection":[{"href":"https:\/\/tebben-automobile.de\/hp\/wp-json\/wp\/v2\/pages"}],"about":[{"href":"https:\/\/tebben-automobile.de\/hp\/wp-json\/wp\/v2\/types\/page"}],"author":[{"embeddable":true,"href":"https:\/\/tebben-automobile.de\/hp\/wp-json\/wp\/v2\/users\/1"}],"replies":[{"embeddable":true,"href":"https:\/\/tebben-automobile.de\/hp\/wp-json\/wp\/v2\/comments?post=862"}],"version-history":[{"count":4,"href":"https:\/\/tebben-automobile.de\/hp\/wp-json\/wp\/v2\/pages\/862\/revisions"}],"predecessor-version":[{"id":871,"href":"https:\/\/tebben-automobile.de\/hp\/wp-json\/wp\/v2\/pages\/862\/revisions\/871"}],"wp:attachment":[{"href":"https:\/\/tebben-automobile.de\/hp\/wp-json\/wp\/v2\/media?parent=862"}],"curies":[{"name":"wp","href":"https:\/\/api.w.org\/{rel}","templated":true}]}}