{"id":9,"date":"2018-04-10T06:25:36","date_gmt":"2018-04-10T06:25:36","guid":{"rendered":"http:\/\/tebben-automobile.de\/hp\/?page_id=9"},"modified":"2024-12-05T09:03:31","modified_gmt":"2024-12-05T09:03:31","slug":"tankstelle","status":"publish","type":"page","link":"https:\/\/tebben-automobile.de\/hp\/tankstelle\/","title":{"rendered":"Q1 Tankstelle"},"content":{"rendered":"<p><a href=\"https:\/\/tebben-automobile.de\/hp\/wp-content\/uploads\/2021\/07\/05887-hell.jpg\"><img loading=\"lazy\" class=\"alignnone size-full wp-image-966\" src=\"https:\/\/tebben-automobile.de\/hp\/wp-content\/uploads\/2021\/07\/05887-hell.jpg\" alt=\"\" width=\"870\" height=\"464\" srcset=\"https:\/\/tebben-automobile.de\/hp\/wp-content\/uploads\/2021\/07\/05887-hell.jpg 870w, https:\/\/tebben-automobile.de\/hp\/wp-content\/uploads\/2021\/07\/05887-hell-300x160.jpg 300w, https:\/\/tebben-automobile.de\/hp\/wp-content\/uploads\/2021\/07\/05887-hell-768x410.jpg 768w\" sizes=\"(max-width: 870px) 100vw, 870px\" \/><\/a>Wir haben die Tankstelle 2021 frisch renoviert und sind nun eine Q1 Markentankstelle.<\/p>\n<p><strong>\u00d6ffnungszeiten:<br \/>\n<\/strong>Montag &#8211; Freitag\u00a0 \u00a0 \u00a06.00 Uhr &#8211; 21.00 Uhr<br \/>\nSamstag\u00a0 \u00a0 \u00a0 \u00a0 \u00a0 \u00a0 \u00a0 \u00a0 8.00 Uhr &#8211; 21.00 Uhr<br \/>\nSonntag\u00a0 \u00a0 \u00a0 \u00a0 \u00a0 \u00a0 \u00a0 \u00a0  9.00 Uhr &#8211; 19.00 Uhr<\/p>\n<p><strong>24h tanken:<\/strong><br \/>\nAu\u00dferhalb unserer \u00d6ffnungszeiten k\u00f6nnen Sie an unserem Tankautomat tanken.<br \/>\n<strong><br \/>\nUnser Shop:<br \/>\n<\/strong><a href=\"https:\/\/tebben-automobile.de\/hp\/wp-content\/uploads\/2021\/03\/WhatsApp-Image-2021-03-08-at-11.11.37.jpeg\"><img loading=\"lazy\" class=\"alignnone wp-image-950 size-large\" src=\"https:\/\/tebben-automobile.de\/hp\/wp-content\/uploads\/2021\/03\/WhatsApp-Image-2021-03-08-at-11.11.37-1024x768.jpeg\" alt=\"\" width=\"810\" height=\"608\" srcset=\"https:\/\/tebben-automobile.de\/hp\/wp-content\/uploads\/2021\/03\/WhatsApp-Image-2021-03-08-at-11.11.37-1024x768.jpeg 1024w, https:\/\/tebben-automobile.de\/hp\/wp-content\/uploads\/2021\/03\/WhatsApp-Image-2021-03-08-at-11.11.37-300x225.jpeg 300w, https:\/\/tebben-automobile.de\/hp\/wp-content\/uploads\/2021\/03\/WhatsApp-Image-2021-03-08-at-11.11.37-768x576.jpeg 768w, https:\/\/tebben-automobile.de\/hp\/wp-content\/uploads\/2021\/03\/WhatsApp-Image-2021-03-08-at-11.11.37-1536x1152.jpeg 1536w, https:\/\/tebben-automobile.de\/hp\/wp-content\/uploads\/2021\/03\/WhatsApp-Image-2021-03-08-at-11.11.37-880x660.jpeg 880w, https:\/\/tebben-automobile.de\/hp\/wp-content\/uploads\/2021\/03\/WhatsApp-Image-2021-03-08-at-11.11.37.jpeg 1600w\" sizes=\"(max-width: 810px) 100vw, 810px\" \/><\/a><br \/>\n<a href=\"https:\/\/tebben-automobile.de\/hp\/wp-content\/uploads\/2021\/03\/WhatsApp-Image-2021-03-08-at-11.11.36.jpeg\"><img loading=\"lazy\" class=\"alignnone size-large wp-image-949\" src=\"https:\/\/tebben-automobile.de\/hp\/wp-content\/uploads\/2021\/03\/WhatsApp-Image-2021-03-08-at-11.11.36-1024x768.jpeg\" alt=\"\" width=\"810\" height=\"608\" srcset=\"https:\/\/tebben-automobile.de\/hp\/wp-content\/uploads\/2021\/03\/WhatsApp-Image-2021-03-08-at-11.11.36-1024x768.jpeg 1024w, https:\/\/tebben-automobile.de\/hp\/wp-content\/uploads\/2021\/03\/WhatsApp-Image-2021-03-08-at-11.11.36-300x225.jpeg 300w, https:\/\/tebben-automobile.de\/hp\/wp-content\/uploads\/2021\/03\/WhatsApp-Image-2021-03-08-at-11.11.36-768x576.jpeg 768w, https:\/\/tebben-automobile.de\/hp\/wp-content\/uploads\/2021\/03\/WhatsApp-Image-2021-03-08-at-11.11.36-1536x1152.jpeg 1536w, https:\/\/tebben-automobile.de\/hp\/wp-content\/uploads\/2021\/03\/WhatsApp-Image-2021-03-08-at-11.11.36-880x660.jpeg 880w, https:\/\/tebben-automobile.de\/hp\/wp-content\/uploads\/2021\/03\/WhatsApp-Image-2021-03-08-at-11.11.36.jpeg 1600w\" sizes=\"(max-width: 810px) 100vw, 810px\" \/><\/a><\/p>\n<p>Wir haben in der Tankstelle einen <a href=\"https:\/\/tebben-automobile.de\/hp\/dhl-paketshop\/\">DHL Paketshop<\/a> und eine Lotto Annahmestelle.<\/p>\n<p><strong>Kraftstoffpreise:<br \/>\n<\/strong>Unsere aktuellen Benzinpreise finden Sie in vielen Apps f\u00fcrs Handy und unter:<br \/>\n<a href=\"http:\/\/www.preise.tebben-automobile.de\" target=\"_blank\" rel=\"noopener noreferrer\">www.preise.tebben-automobile.de<\/a><\/p>\n","protected":false},"excerpt":{"rendered":"<p>Wir haben die Tankstelle 2021 frisch renoviert und sind nun eine Q1 Markentankstelle. \u00d6ffnungszeiten: Montag &#8211; Freitag\u00a0 \u00a0 \u00a06.00 Uhr<\/p>\n","protected":false},"author":1,"featured_media":0,"parent":0,"menu_order":0,"comment_status":"closed","ping_status":"closed","template":"","meta":[],"aioseo_notices":[],"_links":{"self":[{"href":"https:\/\/tebben-automobile.de\/hp\/wp-json\/wp\/v2\/pages\/9"}],"collection":[{"href":"https:\/\/tebben-automobile.de\/hp\/wp-json\/wp\/v2\/pages"}],"about":[{"href":"https:\/\/tebben-automobile.de\/hp\/wp-json\/wp\/v2\/types\/page"}],"author":[{"embeddable":true,"href":"https:\/\/tebben-automobile.de\/hp\/wp-json\/wp\/v2\/users\/1"}],"replies":[{"embeddable":true,"href":"https:\/\/tebben-automobile.de\/hp\/wp-json\/wp\/v2\/comments?post=9"}],"version-history":[{"count":27,"href":"https:\/\/tebben-automobile.de\/hp\/wp-json\/wp\/v2\/pages\/9\/revisions"}],"predecessor-version":[{"id":1162,"href":"https:\/\/tebben-automobile.de\/hp\/wp-json\/wp\/v2\/pages\/9\/revisions\/1162"}],"wp:attachment":[{"href":"https:\/\/tebben-automobile.de\/hp\/wp-json\/wp\/v2\/media?parent=9"}],"curies":[{"name":"wp","href":"https:\/\/api.w.org\/{rel}","templated":true}]}}